{"id":11,"date":"2023-10-22T14:35:54","date_gmt":"2023-10-22T12:35:54","guid":{"rendered":"https:\/\/tiphaineburtin.fr\/?page_id=11"},"modified":"2023-10-28T10:50:48","modified_gmt":"2023-10-28T08:50:48","slug":"accueil","status":"publish","type":"page","link":"https:\/\/tiphaineburtin.fr\/","title":{"rendered":"Accueil"},"content":{"rendered":"\t\t<div data-elementor-type=\"wp-page\" data-elementor-id=\"11\" class=\"elementor elementor-11\">\n\t\t\t\t\t\t\t<div class=\"elementor-element elementor-element-a481872 e-flex e-con-boxed e-con e-parent\" data-id=\"a481872\" data-element_type=\"container\" data-settings=\"{&quot;content_width&quot;:&quot;boxed&quot;}\" data-core-v316-plus=\"true\">\n\t\t\t\t\t<div class=\"e-con-inner\">\n\t\t\t\t<div class=\"elementor-element elementor-element-979dddd elementor-widget elementor-widget-spacer\" data-id=\"979dddd\" data-element_type=\"widget\" data-widget_type=\"spacer.default\">\n\t\t\t\t<div class=\"elementor-widget-container\">\n\t\t\t<style>\/*! elementor - v3.16.0 - 17-10-2023 *\/\n.elementor-column .elementor-spacer-inner{height:var(--spacer-size)}.e-con{--container-widget-width:100%}.e-con-inner>.elementor-widget-spacer,.e-con>.elementor-widget-spacer{width:var(--container-widget-width,var(--spacer-size));--align-self:var(--container-widget-align-self,initial);--flex-shrink:0}.e-con-inner>.elementor-widget-spacer>.elementor-widget-container,.e-con>.elementor-widget-spacer>.elementor-widget-container{height:100%;width:100%}.e-con-inner>.elementor-widget-spacer>.elementor-widget-container>.elementor-spacer,.e-con>.elementor-widget-spacer>.elementor-widget-container>.elementor-spacer{height:100%}.e-con-inner>.elementor-widget-spacer>.elementor-widget-container>.elementor-spacer>.elementor-spacer-inner,.e-con>.elementor-widget-spacer>.elementor-widget-container>.elementor-spacer>.elementor-spacer-inner{height:var(--container-widget-height,var(--spacer-size))}.e-con-inner>.elementor-widget-spacer.elementor-widget-empty,.e-con>.elementor-widget-spacer.elementor-widget-empty{position:relative;min-height:22px;min-width:22px}.e-con-inner>.elementor-widget-spacer.elementor-widget-empty .elementor-widget-empty-icon,.e-con>.elementor-widget-spacer.elementor-widget-empty .elementor-widget-empty-icon{position:absolute;top:0;bottom:0;left:0;right:0;margin:auto;padding:0;width:22px;height:22px}<\/style>\t\t<div class=\"elementor-spacer\">\n\t\t\t<div class=\"elementor-spacer-inner\"><\/div>\n\t\t<\/div>\n\t\t\t\t<\/div>\n\t\t\t\t<\/div>\n\t\t\t\t\t<\/div>\n\t\t\t\t<\/div>\n\t\t<div class=\"elementor-element elementor-element-04757d1 e-flex e-con-boxed e-con e-parent\" data-id=\"04757d1\" data-element_type=\"container\" data-settings=\"{&quot;content_width&quot;:&quot;boxed&quot;}\" data-core-v316-plus=\"true\">\n\t\t\t\t\t<div class=\"e-con-inner\">\n\t\t<div class=\"elementor-element elementor-element-b1d88e3 e-con-full e-flex e-con e-child\" data-id=\"b1d88e3\" data-element_type=\"container\" data-settings=\"{&quot;content_width&quot;:&quot;full&quot;}\">\n\t\t\t\t<div class=\"elementor-element elementor-element-74ce1e8 elementor-widget elementor-widget-heading\" data-id=\"74ce1e8\" data-element_type=\"widget\" data-widget_type=\"heading.default\">\n\t\t\t\t<div class=\"elementor-widget-container\">\n\t\t\t<style>\/*! elementor - v3.16.0 - 17-10-2023 *\/\n.elementor-heading-title{padding:0;margin:0;line-height:1}.elementor-widget-heading .elementor-heading-title[class*=elementor-size-]>a{color:inherit;font-size:inherit;line-height:inherit}.elementor-widget-heading .elementor-heading-title.elementor-size-small{font-size:15px}.elementor-widget-heading .elementor-heading-title.elementor-size-medium{font-size:19px}.elementor-widget-heading .elementor-heading-title.elementor-size-large{font-size:29px}.elementor-widget-heading .elementor-heading-title.elementor-size-xl{font-size:39px}.elementor-widget-heading .elementor-heading-title.elementor-size-xxl{font-size:59px}<\/style><h2 class=\"elementor-heading-title elementor-size-default\">Mes actualit\u00e9s<\/h2>\t\t<\/div>\n\t\t\t\t<\/div>\n\t\t\t\t<\/div>\n\t\t<div class=\"elementor-element elementor-element-bfc25c1 e-con-full e-flex e-con e-child\" data-id=\"bfc25c1\" data-element_type=\"container\" data-settings=\"{&quot;content_width&quot;:&quot;full&quot;}\">\n\t\t\t\t<div class=\"elementor-element elementor-element-d222272 e-grid-align-right elementor-shape-rounded elementor-grid-0 elementor-widget elementor-widget-social-icons\" data-id=\"d222272\" data-element_type=\"widget\" data-widget_type=\"social-icons.default\">\n\t\t\t\t<div class=\"elementor-widget-container\">\n\t\t\t<style>\/*! elementor - v3.16.0 - 17-10-2023 *\/\n.elementor-widget-social-icons.elementor-grid-0 .elementor-widget-container,.elementor-widget-social-icons.elementor-grid-mobile-0 .elementor-widget-container,.elementor-widget-social-icons.elementor-grid-tablet-0 .elementor-widget-container{line-height:1;font-size:0}.elementor-widget-social-icons:not(.elementor-grid-0):not(.elementor-grid-tablet-0):not(.elementor-grid-mobile-0) .elementor-grid{display:inline-grid}.elementor-widget-social-icons .elementor-grid{grid-column-gap:var(--grid-column-gap,5px);grid-row-gap:var(--grid-row-gap,5px);grid-template-columns:var(--grid-template-columns);justify-content:var(--justify-content,center);justify-items:var(--justify-content,center)}.elementor-icon.elementor-social-icon{font-size:var(--icon-size,25px);line-height:var(--icon-size,25px);width:calc(var(--icon-size, 25px) + (2 * var(--icon-padding, .5em)));height:calc(var(--icon-size, 25px) + (2 * var(--icon-padding, .5em)))}.elementor-social-icon{--e-social-icon-icon-color:#fff;display:inline-flex;background-color:#69727d;align-items:center;justify-content:center;text-align:center;cursor:pointer}.elementor-social-icon i{color:var(--e-social-icon-icon-color)}.elementor-social-icon svg{fill:var(--e-social-icon-icon-color)}.elementor-social-icon:last-child{margin:0}.elementor-social-icon:hover{opacity:.9;color:#fff}.elementor-social-icon-android{background-color:#a4c639}.elementor-social-icon-apple{background-color:#999}.elementor-social-icon-behance{background-color:#1769ff}.elementor-social-icon-bitbucket{background-color:#205081}.elementor-social-icon-codepen{background-color:#000}.elementor-social-icon-delicious{background-color:#39f}.elementor-social-icon-deviantart{background-color:#05cc47}.elementor-social-icon-digg{background-color:#005be2}.elementor-social-icon-dribbble{background-color:#ea4c89}.elementor-social-icon-elementor{background-color:#d30c5c}.elementor-social-icon-envelope{background-color:#ea4335}.elementor-social-icon-facebook,.elementor-social-icon-facebook-f{background-color:#3b5998}.elementor-social-icon-flickr{background-color:#0063dc}.elementor-social-icon-foursquare{background-color:#2d5be3}.elementor-social-icon-free-code-camp,.elementor-social-icon-freecodecamp{background-color:#006400}.elementor-social-icon-github{background-color:#333}.elementor-social-icon-gitlab{background-color:#e24329}.elementor-social-icon-globe{background-color:#69727d}.elementor-social-icon-google-plus,.elementor-social-icon-google-plus-g{background-color:#dd4b39}.elementor-social-icon-houzz{background-color:#7ac142}.elementor-social-icon-instagram{background-color:#262626}.elementor-social-icon-jsfiddle{background-color:#487aa2}.elementor-social-icon-link{background-color:#818a91}.elementor-social-icon-linkedin,.elementor-social-icon-linkedin-in{background-color:#0077b5}.elementor-social-icon-medium{background-color:#00ab6b}.elementor-social-icon-meetup{background-color:#ec1c40}.elementor-social-icon-mixcloud{background-color:#273a4b}.elementor-social-icon-odnoklassniki{background-color:#f4731c}.elementor-social-icon-pinterest{background-color:#bd081c}.elementor-social-icon-product-hunt{background-color:#da552f}.elementor-social-icon-reddit{background-color:#ff4500}.elementor-social-icon-rss{background-color:#f26522}.elementor-social-icon-shopping-cart{background-color:#4caf50}.elementor-social-icon-skype{background-color:#00aff0}.elementor-social-icon-slideshare{background-color:#0077b5}.elementor-social-icon-snapchat{background-color:#fffc00}.elementor-social-icon-soundcloud{background-color:#f80}.elementor-social-icon-spotify{background-color:#2ebd59}.elementor-social-icon-stack-overflow{background-color:#fe7a15}.elementor-social-icon-steam{background-color:#00adee}.elementor-social-icon-stumbleupon{background-color:#eb4924}.elementor-social-icon-telegram{background-color:#2ca5e0}.elementor-social-icon-thumb-tack{background-color:#1aa1d8}.elementor-social-icon-tripadvisor{background-color:#589442}.elementor-social-icon-tumblr{background-color:#35465c}.elementor-social-icon-twitch{background-color:#6441a5}.elementor-social-icon-twitter{background-color:#1da1f2}.elementor-social-icon-viber{background-color:#665cac}.elementor-social-icon-vimeo{background-color:#1ab7ea}.elementor-social-icon-vk{background-color:#45668e}.elementor-social-icon-weibo{background-color:#dd2430}.elementor-social-icon-weixin{background-color:#31a918}.elementor-social-icon-whatsapp{background-color:#25d366}.elementor-social-icon-wordpress{background-color:#21759b}.elementor-social-icon-xing{background-color:#026466}.elementor-social-icon-yelp{background-color:#af0606}.elementor-social-icon-youtube{background-color:#cd201f}.elementor-social-icon-500px{background-color:#0099e5}.elementor-shape-rounded .elementor-icon.elementor-social-icon{border-radius:10%}.elementor-shape-circle .elementor-icon.elementor-social-icon{border-radius:50%}<\/style>\t\t<div class=\"elementor-social-icons-wrapper elementor-grid\">\n\t\t\t\t\t\t\t<span class=\"elementor-grid-item\">\n\t\t\t\t\t<a class=\"elementor-icon elementor-social-icon elementor-social-icon-facebook elementor-repeater-item-77fde6b\" href=\"https:\/\/www.facebook.com\/profile.php?id=100082871346899\" target=\"_blank\">\n\t\t\t\t\t\t<span class=\"elementor-screen-only\">Facebook<\/span>\n\t\t\t\t\t\t<i class=\"fab fa-facebook\"><\/i>\t\t\t\t\t<\/a>\n\t\t\t\t<\/span>\n\t\t\t\t\t\t\t<span class=\"elementor-grid-item\">\n\t\t\t\t\t<a class=\"elementor-icon elementor-social-icon elementor-social-icon- elementor-repeater-item-749170f\" href=\"https:\/\/www.instagram.com\/tiphaine_burtin_autrice\/\" target=\"_blank\">\n\t\t\t\t\t\t<span class=\"elementor-screen-only\"><\/span>\n\t\t\t\t\t\t<svg xmlns=\"http:\/\/www.w3.org\/2000\/svg\" xmlns:xlink=\"http:\/\/www.w3.org\/1999\/xlink\" xmlns:sodipodi=\"http:\/\/sodipodi.sourceforge.net\/DTD\/sodipodi-0.dtd\" xmlns:inkscape=\"http:\/\/www.inkscape.org\/namespaces\/inkscape\" width=\"1000\" height=\"1000\" viewBox=\"0 0 264.5833 264.5833\" inkscape:version=\"1.0.1 (3bc2e813f5, 2020-09-07)\" sodipodi:docname=\"Instagram_(2022).svg\"><defs><radialGradient id=\"f\" cx=\"158.429\" cy=\"578.088\" r=\"52.3515\" xlink:href=\"#a\" gradientUnits=\"userSpaceOnUse\" gradientTransform=\"matrix(0 -4.03418 4.28018 0 -2332.2273 942.2356)\" fx=\"158.429\" fy=\"578.088\"><\/radialGradient><radialGradient inkscape:collect=\"always\" xlink:href=\"#b\" id=\"g\" gradientUnits=\"userSpaceOnUse\" gradientTransform=\"matrix(.67441 -1.16203 1.51283 .87801 -814.3657 -47.8354)\" cx=\"172.6149\" cy=\"600.6924\" fx=\"172.6149\" fy=\"600.6924\" r=\"65\"><\/radialGradient><radialGradient inkscape:collect=\"always\" xlink:href=\"#c\" id=\"h\" cx=\"144.012\" cy=\"51.3367\" fx=\"144.012\" fy=\"51.3367\" r=\"67.081\" gradientTransform=\"matrix(-2.3989 .67549 -.23008 -.81732 464.9957 -26.4035)\" gradientUnits=\"userSpaceOnUse\"><\/radialGradient><radialGradient inkscape:collect=\"always\" xlink:href=\"#d\" id=\"e\" gradientUnits=\"userSpaceOnUse\" gradientTransform=\"matrix(-3.10797 .87652 -.6315 -2.23914 1345.6503 1374.1983)\" cx=\"199.7884\" cy=\"628.4379\" fx=\"199.7884\" fy=\"628.4379\" r=\"52.3515\"><\/radialGradient><linearGradient inkscape:collect=\"always\" id=\"d\"><stop offset=\"0\" stop-color=\"#ff005f\"><\/stop><stop offset=\"1\" stop-color=\"#fc01d8\"><\/stop><\/linearGradient><linearGradient id=\"c\"><stop offset=\"0\" stop-color=\"#780cff\"><\/stop><stop stop-color=\"#820bff\" offset=\"1\" stop-opacity=\"0\"><\/stop><\/linearGradient><linearGradient inkscape:collect=\"always\" id=\"b\"><stop offset=\"0\" stop-color=\"#fc0\"><\/stop><stop offset=\"1\" stop-color=\"#fc0\" stop-opacity=\"0\"><\/stop><\/linearGradient><linearGradient id=\"a\"><stop offset=\"0\" stop-color=\"#fc0\"><\/stop><stop offset=\".1242\" stop-color=\"#fc0\"><\/stop><stop offset=\".5672\" stop-color=\"#fe4a05\"><\/stop><stop offset=\".6942\" stop-color=\"#ff0f3f\"><\/stop><stop offset=\"1\" stop-color=\"#fe0657\" stop-opacity=\"0\"><\/stop><\/linearGradient><\/defs><g inkscape:label=\"Layer 1\" inkscape:groupmode=\"layer\"><path d=\"M204.1503 18.1429c-55.2305 0-71.3834.057-74.5232.3175-11.3342.9424-18.387 2.7275-26.0708 6.554-5.9214 2.9413-10.5915 6.3506-15.2005 11.1298-8.3938 8.7157-13.481 19.4383-15.3226 32.1842-.8953 6.1877-1.1558 7.4496-1.2087 39.0558-.0203 10.5354 0 24.4007 0 42.9984 0 55.2008.061 71.3418.3256 74.4764.9157 11.032 2.6453 17.9728 6.3081 25.565 7 14.5329 20.369 25.4428 36.119 29.5137 5.4535 1.4044 11.4767 2.1779 19.2092 2.5442 3.2762.1425 36.6684.2443 70.081.2443 33.4127 0 66.8253-.0407 70.02-.2035 8.9535-.4214 14.1526-1.1195 19.9011-2.6054 15.8517-4.0912 28.9767-14.8383 36.119-29.5748 3.5916-7.409 5.4128-14.6144 6.237-25.0704.179-2.2796.2543-38.6263.2543-74.924 0-36.304-.0814-72.5835-.2605-74.8632-.8343-10.6249-2.6555-17.7692-6.363-25.3207-3.0421-6.1816-6.42-10.798-11.324-15.518-8.752-8.3616-19.4555-13.4502-32.2101-15.2902-6.18-.8936-7.411-1.1582-39.033-1.2131z\" inkscape:connector-curvature=\"0\" fill=\"url(#e)\" transform=\"translate(-71.8155 -18.1429)\"><\/path><path d=\"M204.1503 18.1429c-55.2305 0-71.3834.057-74.5232.3175-11.3342.9424-18.387 2.7275-26.0708 6.554-5.9214 2.9413-10.5915 6.3506-15.2005 11.1298-8.3938 8.7157-13.481 19.4383-15.3226 32.1842-.8953 6.1877-1.1558 7.4496-1.2087 39.0558-.0203 10.5354 0 24.4007 0 42.9984 0 55.2008.061 71.3418.3256 74.4764.9157 11.032 2.6453 17.9728 6.3081 25.565 7 14.5329 20.369 25.4428 36.119 29.5137 5.4535 1.4044 11.4767 2.1779 19.2092 2.5442 3.2762.1425 36.6684.2443 70.081.2443 33.4127 0 66.8253-.0407 70.02-.2035 8.9535-.4214 14.1526-1.1195 19.9011-2.6054 15.8517-4.0912 28.9767-14.8383 36.119-29.5748 3.5916-7.409 5.4128-14.6144 6.237-25.0704.179-2.2796.2543-38.6263.2543-74.924 0-36.304-.0814-72.5835-.2605-74.8632-.8343-10.6249-2.6555-17.7692-6.363-25.3207-3.0421-6.1816-6.42-10.798-11.324-15.518-8.752-8.3616-19.4555-13.4502-32.2101-15.2902-6.18-.8936-7.411-1.1582-39.033-1.2131z\" inkscape:connector-curvature=\"0\" fill=\"url(#f)\" transform=\"translate(-71.8155 -18.1429)\"><\/path><path d=\"M204.1503 18.1429c-55.2305 0-71.3834.057-74.5232.3175-11.3342.9424-18.387 2.7275-26.0708 6.554-5.9214 2.9413-10.5915 6.3506-15.2005 11.1298-8.3938 8.7157-13.481 19.4383-15.3226 32.1842-.8953 6.1877-1.1558 7.4496-1.2087 39.0558-.0203 10.5354 0 24.4007 0 42.9984 0 55.2008.061 71.3418.3256 74.4764.9157 11.032 2.6453 17.9728 6.3081 25.565 7 14.5329 20.369 25.4428 36.119 29.5137 5.4535 1.4044 11.4767 2.1779 19.2092 2.5442 3.2762.1425 36.6684.2443 70.081.2443 33.4127 0 66.8253-.0407 70.02-.2035 8.9535-.4214 14.1526-1.1195 19.9011-2.6054 15.8517-4.0912 28.9767-14.8383 36.119-29.5748 3.5916-7.409 5.4128-14.6144 6.237-25.0704.179-2.2796.2543-38.6263.2543-74.924 0-36.304-.0814-72.5835-.2605-74.8632-.8343-10.6249-2.6555-17.7692-6.363-25.3207-3.0421-6.1816-6.42-10.798-11.324-15.518-8.752-8.3616-19.4555-13.4502-32.2101-15.2902-6.18-.8936-7.411-1.1582-39.033-1.2131z\" inkscape:connector-curvature=\"0\" fill=\"url(#g)\" transform=\"translate(-71.8155 -18.1429)\"><\/path><path d=\"M204.1503 18.1429c-55.2305 0-71.3834.057-74.5232.3175-11.3342.9424-18.387 2.7275-26.0708 6.554-5.9214 2.9413-10.5915 6.3506-15.2005 11.1298-8.3938 8.7157-13.481 19.4383-15.3226 32.1842-.8953 6.1877-1.1558 7.4496-1.2087 39.0558-.0203 10.5354 0 24.4007 0 42.9984 0 55.2008.061 71.3418.3256 74.4764.9157 11.032 2.6453 17.9728 6.3081 25.565 7 14.5329 20.369 25.4428 36.119 29.5137 5.4535 1.4044 11.4767 2.1779 19.2092 2.5442 3.2762.1425 36.6684.2443 70.081.2443 33.4127 0 66.8253-.0407 70.02-.2035 8.9535-.4214 14.1526-1.1195 19.9011-2.6054 15.8517-4.0912 28.9767-14.8383 36.119-29.5748 3.5916-7.409 5.4128-14.6144 6.237-25.0704.179-2.2796.2543-38.6263.2543-74.924 0-36.304-.0814-72.5835-.2605-74.8632-.8343-10.6249-2.6555-17.7692-6.363-25.3207-3.0421-6.1816-6.42-10.798-11.324-15.518-8.752-8.3616-19.4555-13.4502-32.2101-15.2902-6.18-.8936-7.411-1.1582-39.033-1.2131z\" inkscape:connector-curvature=\"0\" fill=\"url(#h)\" transform=\"translate(-71.8155 -18.1429)\"><\/path><path d=\"M132.3452 33.973c-26.7167 0-30.0696.1167-40.5629.5939-10.4727.4792-17.6212 2.136-23.8762 4.567-6.4701 2.5107-11.9586 5.8693-17.4265 11.3352-5.472 5.464-8.8332 10.9483-11.354 17.4116-2.4389 6.2524-4.099 13.3976-4.5703 23.8585-.4693 10.4854-.5923 13.8379-.5923 40.5348 0 26.697.1189 30.0371.5943 40.5225.4817 10.465 2.1397 17.6082 4.5703 23.8585 2.5147 6.4654 5.8758 11.9497 11.3458 17.4136 5.466 5.468 10.9544 8.8349 17.4204 11.3456 6.259 2.4309 13.4097 4.0877 23.8803 4.567 10.4933.477 13.8441.5938 40.5588.5938 26.7188 0 30.0615-.1167 40.5547-.5939 10.4728-.4792 17.6295-2.136 23.8885-4.567 6.4681-2.5106 11.9484-5.8775 17.4143-11.3455 5.472-5.4639 8.8332-10.9482 11.354-17.4115 2.4183-6.2524 4.0784-13.3976 4.5703-23.8585.4713-10.4854.5943-13.8277.5943-40.5246 0-26.697-.123-30.0473-.5943-40.5328-.4919-10.465-2.152-17.6081-4.5703-23.8584-2.5208-6.4654-5.882-11.9498-11.354-17.4137-5.4721-5.468-10.9442-8.8266-17.4204-11.3353-6.2714-2.4309-13.424-4.0877-23.8967-4.5669-10.4933-.4772-13.8339-.5939-40.5588-.5939zm-8.825 17.7147c2.6193-.0041 5.5418 0 8.825 0 26.2659 0 29.379.0942 39.7513.5652 9.5915.4383 14.7971 2.0397 18.2648 3.3852 4.5908 1.7817 7.8638 3.9116 11.3048 7.3521 3.4431 3.4406 5.5745 6.7173 7.3617 11.3046 1.3465 3.461 2.9512 8.6628 3.3877 18.2472.4714 10.3625.5739 13.4754.5739 39.7095 0 26.234-.1025 29.347-.5739 39.7095-.4386 9.5843-2.0412 14.7861-3.3877 18.2471-1.783 4.5874-3.9186 7.8539-7.3617 11.2923-3.443 3.4406-6.712 5.5704-11.3048 7.3521-3.4636 1.3517-8.6733 2.949-18.2648 3.3873-10.3702.471-13.4854.5734-39.7513.5734-26.2679 0-29.381-.1024-39.7513-.5734-9.5914-.4423-14.797-2.0438-18.2668-3.3893-4.5908-1.7817-7.87-3.9116-11.313-7.3521-3.4431-3.4405-5.5745-6.709-7.3617-11.2985-1.3465-3.461-2.9512-8.6628-3.3877-18.2471-.4714-10.3626-.5657-13.4754-.5657-39.7259 0-26.2504.0943-29.347.5657-39.7095.4386-9.5844 2.0412-14.7861 3.3877-18.2512 1.783-4.5874 3.9186-7.8641 7.3617-11.3046 3.443-3.4406 6.7222-5.5704 11.313-7.3562 3.4677-1.3517 8.6754-2.949 18.2668-3.3894 9.075-.4096 12.5919-.5324 30.9264-.553zm61.3363 16.322c-6.5173 0-11.805 5.2776-11.805 11.792 0 6.5125 5.2877 11.7962 11.805 11.7962 6.5172 0 11.8049-5.2837 11.8049-11.7962 0-6.5124-5.2877-11.796-11.805-11.796zm-52.5113 13.7826c-27.8993 0-50.5191 22.6031-50.5191 50.4817 0 27.8786 22.6198 50.4714 50.5191 50.4714s50.511-22.5928 50.511-50.4714c0-27.8786-22.6137-50.4817-50.513-50.4817zm0 17.7147c18.109 0 32.7914 14.6694 32.7914 32.767 0 18.0956-14.6824 32.767-32.7914 32.767-18.111 0-32.7913-14.6714-32.7913-32.767 0-18.0976 14.6803-32.767 32.7913-32.767z\" inkscape:connector-curvature=\"0\" fill=\"#fff\"><\/path><\/g><\/svg>\t\t\t\t\t<\/a>\n\t\t\t\t<\/span>\n\t\t\t\t\t<\/div>\n\t\t\t\t<\/div>\n\t\t\t\t<\/div>\n\t\t\t\t<\/div>\n\t\t\t\t\t<\/div>\n\t\t\t\t<\/div>\n\t\t<div class=\"elementor-element elementor-element-cd287ee e-flex e-con-boxed e-con e-parent\" data-id=\"cd287ee\" data-element_type=\"container\" data-settings=\"{&quot;content_width&quot;:&quot;boxed&quot;}\" data-core-v316-plus=\"true\">\n\t\t\t\t\t<div class=\"e-con-inner\">\n\t\t<div class=\"elementor-element elementor-element-482bc24 e-con-full e-flex e-con e-child\" data-id=\"482bc24\" data-element_type=\"container\" data-settings=\"{&quot;content_width&quot;:&quot;full&quot;}\">\n\t\t\t\t<\/div>\n\t\t<div class=\"elementor-element elementor-element-21fe054 e-con-full e-flex e-con e-child\" data-id=\"21fe054\" data-element_type=\"container\" data-settings=\"{&quot;content_width&quot;:&quot;full&quot;}\">\n\t\t\t\t<div class=\"elementor-element elementor-element-50827b5 elementor-hidden-tablet elementor-hidden-mobile elementor-widget elementor-widget-heading\" data-id=\"50827b5\" data-element_type=\"widget\" data-widget_type=\"heading.default\">\n\t\t\t\t<div class=\"elementor-widget-container\">\n\t\t\t<h1 class=\"elementor-heading-title elementor-size-default\">D\u00e9couvrez mes romans<\/h1>\t\t<\/div>\n\t\t\t\t<\/div>\n\t\t\t\t<div class=\"elementor-element elementor-element-763a6e3 elementor-arrows-position-inside elementor-pagination-position-outside elementor-widget elementor-widget-image-carousel\" data-id=\"763a6e3\" data-element_type=\"widget\" data-settings=\"{&quot;navigation&quot;:&quot;both&quot;,&quot;autoplay&quot;:&quot;yes&quot;,&quot;pause_on_hover&quot;:&quot;yes&quot;,&quot;pause_on_interaction&quot;:&quot;yes&quot;,&quot;autoplay_speed&quot;:5000,&quot;infinite&quot;:&quot;yes&quot;,&quot;speed&quot;:500}\" data-widget_type=\"image-carousel.default\">\n\t\t\t\t<div class=\"elementor-widget-container\">\n\t\t\t<style>\/*! elementor - v3.16.0 - 17-10-2023 *\/\n.elementor-widget-image-carousel .swiper,.elementor-widget-image-carousel .swiper-container{position:static}.elementor-widget-image-carousel .swiper-container .swiper-slide figure,.elementor-widget-image-carousel .swiper .swiper-slide figure{line-height:inherit}.elementor-widget-image-carousel .swiper-slide{text-align:center}.elementor-image-carousel-wrapper:not(.swiper-container-initialized):not(.swiper-initialized) .swiper-slide{max-width:calc(100% \/ var(--e-image-carousel-slides-to-show, 3))}<\/style>\t\t<div class=\"elementor-image-carousel-wrapper swiper\" dir=\"ltr\">\n\t\t\t<div class=\"elementor-image-carousel swiper-wrapper\" aria-live=\"off\">\n\t\t\t\t\t\t\t\t<div class=\"swiper-slide\" role=\"group\" aria-roledescription=\"slide\" aria-label=\"1 sur 3\"><a data-elementor-open-lightbox=\"yes\" data-elementor-lightbox-slideshow=\"763a6e3\" data-elementor-lightbox-title=\"361662033_806235161051834_1763559868957008441_n\" data-e-action-hash=\"#elementor-action%3Aaction%3Dlightbox%26settings%3DeyJpZCI6OTYsInVybCI6Imh0dHBzOlwvXC90aXBoYWluZWJ1cnRpbi5mclwvd3AtY29udGVudFwvdXBsb2Fkc1wvMjAyM1wvMTBcLzM2MTY2MjAzM184MDYyMzUxNjEwNTE4MzRfMTc2MzU1OTg2ODk1NzAwODQ0MV9uLmpwZyIsInNsaWRlc2hvdyI6Ijc2M2E2ZTMifQ%3D%3D\" href=\"https:\/\/tiphaineburtin.fr\/index.php\/mes-romans\/\"><figure class=\"swiper-slide-inner\"><img decoding=\"async\" class=\"swiper-slide-image\" src=\"https:\/\/tiphaineburtin.fr\/wp-content\/uploads\/2023\/10\/361662033_806235161051834_1763559868957008441_n-205x300.jpg\" alt=\"Ad\u00e8le\" \/><figcaption class=\"elementor-image-carousel-caption\">Ad\u00e8le<\/figcaption><\/figure><\/a><\/div><div class=\"swiper-slide\" role=\"group\" aria-roledescription=\"slide\" aria-label=\"2 sur 3\"><a data-elementor-open-lightbox=\"yes\" data-elementor-lightbox-slideshow=\"763a6e3\" data-elementor-lightbox-title=\"Sidonie-Laitiere-a-Paris\" data-e-action-hash=\"#elementor-action%3Aaction%3Dlightbox%26settings%3DeyJpZCI6MTUzLCJ1cmwiOiJodHRwczpcL1wvdGlwaGFpbmVidXJ0aW4uZnJcL3dwLWNvbnRlbnRcL3VwbG9hZHNcLzIwMjNcLzEwXC9TaWRvbmllLUxhaXRpZXJlLWEtUGFyaXMuanBnIiwic2xpZGVzaG93IjoiNzYzYTZlMyJ9\" href=\"https:\/\/tiphaineburtin.fr\/index.php\/mes-romans\/\"><figure class=\"swiper-slide-inner\"><img decoding=\"async\" class=\"swiper-slide-image\" src=\"https:\/\/tiphaineburtin.fr\/wp-content\/uploads\/2023\/10\/Sidonie-Laitiere-a-Paris-208x300.jpg\" alt=\"Sidonie, laiti\u00e8re \u00e0 Paris\" \/><figcaption class=\"elementor-image-carousel-caption\">Sidonie<\/figcaption><\/figure><\/a><\/div><div class=\"swiper-slide\" role=\"group\" aria-roledescription=\"slide\" aria-label=\"3 sur 3\"><a data-elementor-open-lightbox=\"yes\" data-elementor-lightbox-slideshow=\"763a6e3\" data-elementor-lightbox-title=\"Rosalie-Ouvreuse-a-l-Opera\" data-e-action-hash=\"#elementor-action%3Aaction%3Dlightbox%26settings%3DeyJpZCI6MTE2LCJ1cmwiOiJodHRwczpcL1wvdGlwaGFpbmVidXJ0aW4uZnJcL3dwLWNvbnRlbnRcL3VwbG9hZHNcLzIwMjNcLzEwXC9Sb3NhbGllLU91dnJldXNlLWEtbC1PcGVyYS5qcGciLCJzbGlkZXNob3ciOiI3NjNhNmUzIn0%3D\" href=\"https:\/\/tiphaineburtin.fr\/index.php\/mes-romans\/\"><figure class=\"swiper-slide-inner\"><img decoding=\"async\" class=\"swiper-slide-image\" src=\"https:\/\/tiphaineburtin.fr\/wp-content\/uploads\/2023\/10\/Rosalie-Ouvreuse-a-l-Opera-208x300.jpg\" alt=\"Rosalie, ouvreuse \u00e0 l&#039;Op\u00e9ra\" \/><figcaption class=\"elementor-image-carousel-caption\">Rosalie<\/figcaption><\/figure><\/a><\/div>\t\t\t<\/div>\n\t\t\t\t\t\t\t\t\t\t\t\t<div class=\"elementor-swiper-button elementor-swiper-button-prev\" role=\"button\" tabindex=\"0\">\n\t\t\t\t\t\t<i aria-hidden=\"true\" class=\"eicon-chevron-left\"><\/i>\t\t\t\t\t<\/div>\n\t\t\t\t\t<div class=\"elementor-swiper-button elementor-swiper-button-next\" role=\"button\" tabindex=\"0\">\n\t\t\t\t\t\t<i aria-hidden=\"true\" class=\"eicon-chevron-right\"><\/i>\t\t\t\t\t<\/div>\n\t\t\t\t\n\t\t\t\t\t\t\t\t\t<div class=\"swiper-pagination\"><\/div>\n\t\t\t\t\t\t\t\t\t<\/div>\n\t\t\t\t<\/div>\n\t\t\t\t<\/div>\n\t\t\t\t<\/div>\n\t\t\t\t\t<\/div>\n\t\t\t\t<\/div>\n\t\t\t\t\t\t\t<\/div>\n\t\t","protected":false},"excerpt":{"rendered":"<p>Mes actualit\u00e9s Facebook D\u00e9couvrez mes romans Ad\u00e8le Sidonie Rosalie<\/p>\n","protected":false},"author":1,"featured_media":0,"parent":0,"menu_order":0,"comment_status":"closed","ping_status":"closed","template":"","meta":{"site-sidebar-layout":"no-sidebar","site-content-layout":"plain-container","ast-site-content-layout":"","site-content-style":"default","site-sidebar-style":"default","ast-global-header-display":"","ast-banner-title-visibility":"","ast-main-header-display":"","ast-hfb-above-header-display":"","ast-hfb-below-header-display":"","ast-hfb-mobile-header-display":"","site-post-title":"disabled","ast-breadcrumbs-content":"","ast-featured-img":"","footer-sml-layout":"","theme-transparent-header-meta":"enabled","adv-header-id-meta":"","stick-header-meta":"","header-above-stick-meta":"","header-main-stick-meta":"","header-below-stick-meta":"","astra-migrate-meta-layouts":"","footnotes":""},"class_list":["post-11","page","type-page","status-publish","hentry"],"_links":{"self":[{"href":"https:\/\/tiphaineburtin.fr\/index.php\/wp-json\/wp\/v2\/pages\/11","targetHints":{"allow":["GET"]}}],"collection":[{"href":"https:\/\/tiphaineburtin.fr\/index.php\/wp-json\/wp\/v2\/pages"}],"about":[{"href":"https:\/\/tiphaineburtin.fr\/index.php\/wp-json\/wp\/v2\/types\/page"}],"author":[{"embeddable":true,"href":"https:\/\/tiphaineburtin.fr\/index.php\/wp-json\/wp\/v2\/users\/1"}],"replies":[{"embeddable":true,"href":"https:\/\/tiphaineburtin.fr\/index.php\/wp-json\/wp\/v2\/comments?post=11"}],"version-history":[{"count":58,"href":"https:\/\/tiphaineburtin.fr\/index.php\/wp-json\/wp\/v2\/pages\/11\/revisions"}],"predecessor-version":[{"id":417,"href":"https:\/\/tiphaineburtin.fr\/index.php\/wp-json\/wp\/v2\/pages\/11\/revisions\/417"}],"wp:attachment":[{"href":"https:\/\/tiphaineburtin.fr\/index.php\/wp-json\/wp\/v2\/media?parent=11"}],"curies":[{"name":"wp","href":"https:\/\/api.w.org\/{rel}","templated":true}]}}