{"id":178,"date":"2023-10-22T18:13:11","date_gmt":"2023-10-22T16:13:11","guid":{"rendered":"https:\/\/tiphaineburtin.fr\/?page_id=178"},"modified":"2023-10-28T10:41:39","modified_gmt":"2023-10-28T08:41:39","slug":"mes-romans","status":"publish","type":"page","link":"https:\/\/tiphaineburtin.fr\/index.php\/mes-romans\/","title":{"rendered":"Mes romans"},"content":{"rendered":"\t\t<div data-elementor-type=\"wp-page\" data-elementor-id=\"178\" class=\"elementor elementor-178\">\n\t\t\t\t\t\t\t<div class=\"elementor-element elementor-element-19b75f6 e-flex e-con-boxed e-con e-parent\" data-id=\"19b75f6\" data-element_type=\"container\" data-settings=\"{&quot;content_width&quot;:&quot;boxed&quot;}\" data-core-v316-plus=\"true\">\n\t\t\t\t\t<div class=\"e-con-inner\">\n\t\t\t\t<div class=\"elementor-element elementor-element-3e8a4f1 elementor-widget elementor-widget-heading\" data-id=\"3e8a4f1\" data-element_type=\"widget\" data-widget_type=\"heading.default\">\n\t\t\t\t<div class=\"elementor-widget-container\">\n\t\t\t<style>\/*! elementor - v3.16.0 - 17-10-2023 *\/\n.elementor-heading-title{padding:0;margin:0;line-height:1}.elementor-widget-heading .elementor-heading-title[class*=elementor-size-]>a{color:inherit;font-size:inherit;line-height:inherit}.elementor-widget-heading .elementor-heading-title.elementor-size-small{font-size:15px}.elementor-widget-heading .elementor-heading-title.elementor-size-medium{font-size:19px}.elementor-widget-heading .elementor-heading-title.elementor-size-large{font-size:29px}.elementor-widget-heading .elementor-heading-title.elementor-size-xl{font-size:39px}.elementor-widget-heading .elementor-heading-title.elementor-size-xxl{font-size:59px}<\/style><h2 class=\"elementor-heading-title elementor-size-default\">Mes romans<\/h2>\t\t<\/div>\n\t\t\t\t<\/div>\n\t\t\t\t<div class=\"elementor-element elementor-element-d53a2a8 elementor-widget elementor-widget-spacer\" data-id=\"d53a2a8\" data-element_type=\"widget\" data-widget_type=\"spacer.default\">\n\t\t\t\t<div class=\"elementor-widget-container\">\n\t\t\t<style>\/*! elementor - v3.16.0 - 17-10-2023 *\/\n.elementor-column .elementor-spacer-inner{height:var(--spacer-size)}.e-con{--container-widget-width:100%}.e-con-inner>.elementor-widget-spacer,.e-con>.elementor-widget-spacer{width:var(--container-widget-width,var(--spacer-size));--align-self:var(--container-widget-align-self,initial);--flex-shrink:0}.e-con-inner>.elementor-widget-spacer>.elementor-widget-container,.e-con>.elementor-widget-spacer>.elementor-widget-container{height:100%;width:100%}.e-con-inner>.elementor-widget-spacer>.elementor-widget-container>.elementor-spacer,.e-con>.elementor-widget-spacer>.elementor-widget-container>.elementor-spacer{height:100%}.e-con-inner>.elementor-widget-spacer>.elementor-widget-container>.elementor-spacer>.elementor-spacer-inner,.e-con>.elementor-widget-spacer>.elementor-widget-container>.elementor-spacer>.elementor-spacer-inner{height:var(--container-widget-height,var(--spacer-size))}.e-con-inner>.elementor-widget-spacer.elementor-widget-empty,.e-con>.elementor-widget-spacer.elementor-widget-empty{position:relative;min-height:22px;min-width:22px}.e-con-inner>.elementor-widget-spacer.elementor-widget-empty .elementor-widget-empty-icon,.e-con>.elementor-widget-spacer.elementor-widget-empty .elementor-widget-empty-icon{position:absolute;top:0;bottom:0;left:0;right:0;margin:auto;padding:0;width:22px;height:22px}<\/style>\t\t<div class=\"elementor-spacer\">\n\t\t\t<div class=\"elementor-spacer-inner\"><\/div>\n\t\t<\/div>\n\t\t\t\t<\/div>\n\t\t\t\t<\/div>\n\t\t\t\t<div class=\"elementor-element elementor-element-0aa665a elementor-widget elementor-widget-heading\" data-id=\"0aa665a\" data-element_type=\"widget\" data-widget_type=\"heading.default\">\n\t\t\t\t<div class=\"elementor-widget-container\">\n\t\t\t<h2 class=\"elementor-heading-title elementor-size-default\">Les m\u00e9tiers oubli\u00e9s sous le Second Empire - Trilogie<\/h2>\t\t<\/div>\n\t\t\t\t<\/div>\n\t\t\t\t\t<\/div>\n\t\t\t\t<\/div>\n\t\t<div class=\"elementor-element elementor-element-9e68073 e-flex e-con-boxed e-con e-parent\" data-id=\"9e68073\" data-element_type=\"container\" data-settings=\"{&quot;content_width&quot;:&quot;boxed&quot;}\" data-core-v316-plus=\"true\">\n\t\t\t\t\t<div class=\"e-con-inner\">\n\t\t<div class=\"elementor-element elementor-element-b477d36 e-con-full e-flex e-con e-child\" data-id=\"b477d36\" data-element_type=\"container\" data-settings=\"{&quot;content_width&quot;:&quot;full&quot;}\">\n\t\t\t\t<div class=\"elementor-element elementor-element-7fc7588 elementor-widget elementor-widget-spacer\" data-id=\"7fc7588\" data-element_type=\"widget\" data-widget_type=\"spacer.default\">\n\t\t\t\t<div class=\"elementor-widget-container\">\n\t\t\t\t\t<div class=\"elementor-spacer\">\n\t\t\t<div class=\"elementor-spacer-inner\"><\/div>\n\t\t<\/div>\n\t\t\t\t<\/div>\n\t\t\t\t<\/div>\n\t\t\t\t<div class=\"elementor-element elementor-element-0d3671c animated-slow elementor-invisible elementor-widget elementor-widget-heading\" data-id=\"0d3671c\" data-element_type=\"widget\" data-settings=\"{&quot;_animation&quot;:&quot;zoomIn&quot;}\" data-widget_type=\"heading.default\">\n\t\t\t\t<div class=\"elementor-widget-container\">\n\t\t\t<h3 class=\"elementor-heading-title elementor-size-default\">Nouveaut\u00e9 2023<\/h3>\t\t<\/div>\n\t\t\t\t<\/div>\n\t\t\t\t<div class=\"elementor-element elementor-element-34a74d1 elementor-widget elementor-widget-image\" data-id=\"34a74d1\" data-element_type=\"widget\" data-widget_type=\"image.default\">\n\t\t\t\t<div class=\"elementor-widget-container\">\n\t\t\t<style>\/*! elementor - v3.16.0 - 17-10-2023 *\/\n.elementor-widget-image{text-align:center}.elementor-widget-image a{display:inline-block}.elementor-widget-image a img[src$=\".svg\"]{width:48px}.elementor-widget-image img{vertical-align:middle;display:inline-block}<\/style>\t\t\t\t\t\t\t\t\t\t\t\t\t<a href=\"https:\/\/tiphaineburtin.fr\/index.php\/accueil\/adele-ouvriere-de-la-couture\/\">\n\t\t\t\t\t\t\t<img loading=\"lazy\" decoding=\"async\" width=\"327\" height=\"466\" src=\"https:\/\/tiphaineburtin.fr\/wp-content\/uploads\/2023\/10\/71KvKcRB9-L._SY466_.jpg\" class=\"elementor-animation-grow attachment-large size-large wp-image-66\" alt=\"Ad\u00e8le, ouvri\u00e8re de la couture\" srcset=\"https:\/\/tiphaineburtin.fr\/wp-content\/uploads\/2023\/10\/71KvKcRB9-L._SY466_.jpg 327w, https:\/\/tiphaineburtin.fr\/wp-content\/uploads\/2023\/10\/71KvKcRB9-L._SY466_-211x300.jpg 211w\" sizes=\"auto, (max-width: 327px) 100vw, 327px\" \/>\t\t\t\t\t\t\t\t<\/a>\n\t\t\t\t\t\t\t\t\t\t\t\t\t\t\t<\/div>\n\t\t\t\t<\/div>\n\t\t\t\t<\/div>\n\t\t<div class=\"elementor-element elementor-element-7d9708a e-con-full e-flex e-con e-child\" data-id=\"7d9708a\" data-element_type=\"container\" data-settings=\"{&quot;content_width&quot;:&quot;full&quot;}\">\n\t\t<div class=\"elementor-element elementor-element-f095767 e-flex e-con-boxed e-con e-child\" data-id=\"f095767\" data-element_type=\"container\" data-settings=\"{&quot;content_width&quot;:&quot;boxed&quot;}\">\n\t\t\t\t\t<div class=\"e-con-inner\">\n\t\t\t\t<div class=\"elementor-element elementor-element-3af0649 elementor-widget elementor-widget-image\" data-id=\"3af0649\" data-element_type=\"widget\" data-widget_type=\"image.default\">\n\t\t\t\t<div class=\"elementor-widget-container\">\n\t\t\t\t\t\t\t\t\t\t\t\t\t\t\t\t<a href=\"https:\/\/tiphaineburtin.fr\/index.php\/accueil\/sidonie-laitiere-a-paris\/\">\n\t\t\t\t\t\t\t<img loading=\"lazy\" decoding=\"async\" width=\"238\" height=\"343\" src=\"https:\/\/tiphaineburtin.fr\/wp-content\/uploads\/2023\/10\/Sidonie-Laitiere-a-Paris.jpg\" class=\"elementor-animation-grow attachment-large size-large wp-image-153\" alt=\"Sidonie, laiti\u00e8re \u00e0 Paris\" srcset=\"https:\/\/tiphaineburtin.fr\/wp-content\/uploads\/2023\/10\/Sidonie-Laitiere-a-Paris.jpg 238w, https:\/\/tiphaineburtin.fr\/wp-content\/uploads\/2023\/10\/Sidonie-Laitiere-a-Paris-208x300.jpg 208w\" sizes=\"auto, (max-width: 238px) 100vw, 238px\" \/>\t\t\t\t\t\t\t\t<\/a>\n\t\t\t\t\t\t\t\t\t\t\t\t\t\t\t<\/div>\n\t\t\t\t<\/div>\n\t\t\t\t\t<\/div>\n\t\t\t\t<\/div>\n\t\t<div class=\"elementor-element elementor-element-86d40e1 e-flex e-con-boxed e-con e-child\" data-id=\"86d40e1\" data-element_type=\"container\" data-settings=\"{&quot;content_width&quot;:&quot;boxed&quot;}\">\n\t\t\t\t\t<div class=\"e-con-inner\">\n\t\t\t\t<div class=\"elementor-element elementor-element-2c872ce elementor-widget elementor-widget-image\" data-id=\"2c872ce\" data-element_type=\"widget\" data-widget_type=\"image.default\">\n\t\t\t\t<div class=\"elementor-widget-container\">\n\t\t\t\t\t\t\t\t\t\t\t\t\t\t\t\t<a href=\"https:\/\/tiphaineburtin.fr\/index.php\/accueil\/rosalie-ouvreuse-a-lopera\/\">\n\t\t\t\t\t\t\t<img loading=\"lazy\" decoding=\"async\" width=\"238\" height=\"343\" src=\"https:\/\/tiphaineburtin.fr\/wp-content\/uploads\/2023\/10\/Rosalie-Ouvreuse-a-l-Opera.jpg\" class=\"elementor-animation-grow attachment-large size-large wp-image-116\" alt=\"Rosalie, ouvreuse \u00e0 l&#039;Op\u00e9ra\" srcset=\"https:\/\/tiphaineburtin.fr\/wp-content\/uploads\/2023\/10\/Rosalie-Ouvreuse-a-l-Opera.jpg 238w, https:\/\/tiphaineburtin.fr\/wp-content\/uploads\/2023\/10\/Rosalie-Ouvreuse-a-l-Opera-208x300.jpg 208w\" sizes=\"auto, (max-width: 238px) 100vw, 238px\" \/>\t\t\t\t\t\t\t\t<\/a>\n\t\t\t\t\t\t\t\t\t\t\t\t\t\t\t<\/div>\n\t\t\t\t<\/div>\n\t\t\t\t\t<\/div>\n\t\t\t\t<\/div>\n\t\t\t\t<\/div>\n\t\t\t\t\t<\/div>\n\t\t\t\t<\/div>\n\t\t<div class=\"elementor-element elementor-element-b2a88fa e-flex e-con-boxed e-con e-parent\" data-id=\"b2a88fa\" data-element_type=\"container\" data-settings=\"{&quot;content_width&quot;:&quot;boxed&quot;}\" data-core-v316-plus=\"true\">\n\t\t\t\t\t<div class=\"e-con-inner\">\n\t\t\t\t\t<\/div>\n\t\t\t\t<\/div>\n\t\t\t\t\t\t\t<\/div>\n\t\t","protected":false},"excerpt":{"rendered":"<p>Mes romans Les m\u00e9tiers oubli\u00e9s sous le Second Empire &#8211; Trilogie Nouveaut\u00e9 2023<\/p>\n","protected":false},"author":1,"featured_media":0,"parent":0,"menu_order":0,"comment_status":"closed","ping_status":"closed","template":"","meta":{"site-sidebar-layout":"no-sidebar","site-content-layout":"","ast-site-content-layout":"full-width-container","site-content-style":"default","site-sidebar-style":"default","ast-global-header-display":"","ast-banner-title-visibility":"","ast-main-header-display":"","ast-hfb-above-header-display":"","ast-hfb-below-header-display":"","ast-hfb-mobile-header-display":"","site-post-title":"disabled","ast-breadcrumbs-content":"","ast-featured-img":"disabled","footer-sml-layout":"","theme-transparent-header-meta":"","adv-header-id-meta":"","stick-header-meta":"","header-above-stick-meta":"","header-main-stick-meta":"","header-below-stick-meta":"","astra-migrate-meta-layouts":"","footnotes":""},"class_list":["post-178","page","type-page","status-publish","hentry"],"_links":{"self":[{"href":"https:\/\/tiphaineburtin.fr\/index.php\/wp-json\/wp\/v2\/pages\/178","targetHints":{"allow":["GET"]}}],"collection":[{"href":"https:\/\/tiphaineburtin.fr\/index.php\/wp-json\/wp\/v2\/pages"}],"about":[{"href":"https:\/\/tiphaineburtin.fr\/index.php\/wp-json\/wp\/v2\/types\/page"}],"author":[{"embeddable":true,"href":"https:\/\/tiphaineburtin.fr\/index.php\/wp-json\/wp\/v2\/users\/1"}],"replies":[{"embeddable":true,"href":"https:\/\/tiphaineburtin.fr\/index.php\/wp-json\/wp\/v2\/comments?post=178"}],"version-history":[{"count":52,"href":"https:\/\/tiphaineburtin.fr\/index.php\/wp-json\/wp\/v2\/pages\/178\/revisions"}],"predecessor-version":[{"id":402,"href":"https:\/\/tiphaineburtin.fr\/index.php\/wp-json\/wp\/v2\/pages\/178\/revisions\/402"}],"wp:attachment":[{"href":"https:\/\/tiphaineburtin.fr\/index.php\/wp-json\/wp\/v2\/media?parent=178"}],"curies":[{"name":"wp","href":"https:\/\/api.w.org\/{rel}","templated":true}]}}