{"id":50,"date":"2023-10-22T15:05:43","date_gmt":"2023-10-22T13:05:43","guid":{"rendered":"https:\/\/tiphaineburtin.fr\/?page_id=50"},"modified":"2023-11-19T14:47:03","modified_gmt":"2023-11-19T13:47:03","slug":"rosalie-ouvreuse-a-lopera","status":"publish","type":"page","link":"https:\/\/tiphaineburtin.fr\/index.php\/accueil\/rosalie-ouvreuse-a-lopera\/","title":{"rendered":"Rosalie, ouvreuse \u00e0 l&rsquo;op\u00e9ra"},"content":{"rendered":"\t\t<div data-elementor-type=\"wp-page\" data-elementor-id=\"50\" class=\"elementor elementor-50\">\n\t\t\t\t\t\t\t<div class=\"elementor-element elementor-element-c86e4c9 e-flex e-con-boxed e-con e-parent\" data-id=\"c86e4c9\" data-element_type=\"container\" data-settings=\"{&quot;content_width&quot;:&quot;boxed&quot;}\" data-core-v316-plus=\"true\">\n\t\t\t\t\t<div class=\"e-con-inner\">\n\t\t\t\t<div class=\"elementor-element elementor-element-e938512 elementor-widget elementor-widget-heading\" data-id=\"e938512\" data-element_type=\"widget\" data-widget_type=\"heading.default\">\n\t\t\t\t<div class=\"elementor-widget-container\">\n\t\t\t<style>\/*! elementor - v3.16.0 - 17-10-2023 *\/\n.elementor-heading-title{padding:0;margin:0;line-height:1}.elementor-widget-heading .elementor-heading-title[class*=elementor-size-]>a{color:inherit;font-size:inherit;line-height:inherit}.elementor-widget-heading .elementor-heading-title.elementor-size-small{font-size:15px}.elementor-widget-heading .elementor-heading-title.elementor-size-medium{font-size:19px}.elementor-widget-heading .elementor-heading-title.elementor-size-large{font-size:29px}.elementor-widget-heading .elementor-heading-title.elementor-size-xl{font-size:39px}.elementor-widget-heading .elementor-heading-title.elementor-size-xxl{font-size:59px}<\/style><h2 class=\"elementor-heading-title elementor-size-default\">Rosalie, Ouvreuse \u00e0 l'op\u00e9ra<\/h2>\t\t<\/div>\n\t\t\t\t<\/div>\n\t\t\t\t<div class=\"elementor-element elementor-element-ab05e17 elementor-widget elementor-widget-spacer\" data-id=\"ab05e17\" data-element_type=\"widget\" data-widget_type=\"spacer.default\">\n\t\t\t\t<div class=\"elementor-widget-container\">\n\t\t\t<style>\/*! elementor - v3.16.0 - 17-10-2023 *\/\n.elementor-column .elementor-spacer-inner{height:var(--spacer-size)}.e-con{--container-widget-width:100%}.e-con-inner>.elementor-widget-spacer,.e-con>.elementor-widget-spacer{width:var(--container-widget-width,var(--spacer-size));--align-self:var(--container-widget-align-self,initial);--flex-shrink:0}.e-con-inner>.elementor-widget-spacer>.elementor-widget-container,.e-con>.elementor-widget-spacer>.elementor-widget-container{height:100%;width:100%}.e-con-inner>.elementor-widget-spacer>.elementor-widget-container>.elementor-spacer,.e-con>.elementor-widget-spacer>.elementor-widget-container>.elementor-spacer{height:100%}.e-con-inner>.elementor-widget-spacer>.elementor-widget-container>.elementor-spacer>.elementor-spacer-inner,.e-con>.elementor-widget-spacer>.elementor-widget-container>.elementor-spacer>.elementor-spacer-inner{height:var(--container-widget-height,var(--spacer-size))}.e-con-inner>.elementor-widget-spacer.elementor-widget-empty,.e-con>.elementor-widget-spacer.elementor-widget-empty{position:relative;min-height:22px;min-width:22px}.e-con-inner>.elementor-widget-spacer.elementor-widget-empty .elementor-widget-empty-icon,.e-con>.elementor-widget-spacer.elementor-widget-empty .elementor-widget-empty-icon{position:absolute;top:0;bottom:0;left:0;right:0;margin:auto;padding:0;width:22px;height:22px}<\/style>\t\t<div class=\"elementor-spacer\">\n\t\t\t<div class=\"elementor-spacer-inner\"><\/div>\n\t\t<\/div>\n\t\t\t\t<\/div>\n\t\t\t\t<\/div>\n\t\t\t\t\t<\/div>\n\t\t\t\t<\/div>\n\t\t<div class=\"elementor-element elementor-element-28f8ccb e-flex e-con-boxed e-con e-parent\" data-id=\"28f8ccb\" data-element_type=\"container\" data-settings=\"{&quot;content_width&quot;:&quot;boxed&quot;}\" data-core-v316-plus=\"true\">\n\t\t\t\t\t<div class=\"e-con-inner\">\n\t\t<div class=\"elementor-element elementor-element-ba67ae6 e-con-full e-flex e-con e-child\" data-id=\"ba67ae6\" data-element_type=\"container\" data-settings=\"{&quot;content_width&quot;:&quot;full&quot;}\">\n\t\t\t\t<div class=\"elementor-element elementor-element-8491acc elementor-widget elementor-widget-image\" data-id=\"8491acc\" data-element_type=\"widget\" data-widget_type=\"image.default\">\n\t\t\t\t<div class=\"elementor-widget-container\">\n\t\t\t<style>\/*! elementor - v3.16.0 - 17-10-2023 *\/\n.elementor-widget-image{text-align:center}.elementor-widget-image a{display:inline-block}.elementor-widget-image a img[src$=\".svg\"]{width:48px}.elementor-widget-image img{vertical-align:middle;display:inline-block}<\/style>\t\t\t\t\t\t\t\t\t\t\t\t<img loading=\"lazy\" decoding=\"async\" width=\"208\" height=\"300\" src=\"https:\/\/tiphaineburtin.fr\/wp-content\/uploads\/2023\/10\/Rosalie-Ouvreuse-a-l-Opera-208x300.jpg\" class=\"elementor-animation-grow attachment-medium size-medium wp-image-116\" alt=\"Rosalie, ouvreuse \u00e0 l&#039;Op\u00e9ra\" srcset=\"https:\/\/tiphaineburtin.fr\/wp-content\/uploads\/2023\/10\/Rosalie-Ouvreuse-a-l-Opera-208x300.jpg 208w, https:\/\/tiphaineburtin.fr\/wp-content\/uploads\/2023\/10\/Rosalie-Ouvreuse-a-l-Opera.jpg 238w\" sizes=\"auto, (max-width: 208px) 100vw, 208px\" \/>\t\t\t\t\t\t\t\t\t\t\t\t\t\t\t<\/div>\n\t\t\t\t<\/div>\n\t\t\t\t<\/div>\n\t\t<div class=\"elementor-element elementor-element-c99d82b e-con-full e-flex e-con e-child\" data-id=\"c99d82b\" data-element_type=\"container\" data-settings=\"{&quot;content_width&quot;:&quot;full&quot;}\">\n\t\t\t\t<div class=\"elementor-element elementor-element-ab0fa63 elementor-widget elementor-widget-text-editor\" data-id=\"ab0fa63\" data-element_type=\"widget\" data-widget_type=\"text-editor.default\">\n\t\t\t\t<div class=\"elementor-widget-container\">\n\t\t\t<style>\/*! elementor - v3.16.0 - 17-10-2023 *\/\n.elementor-widget-text-editor.elementor-drop-cap-view-stacked .elementor-drop-cap{background-color:#69727d;color:#fff}.elementor-widget-text-editor.elementor-drop-cap-view-framed .elementor-drop-cap{color:#69727d;border:3px solid;background-color:transparent}.elementor-widget-text-editor:not(.elementor-drop-cap-view-default) .elementor-drop-cap{margin-top:8px}.elementor-widget-text-editor:not(.elementor-drop-cap-view-default) .elementor-drop-cap-letter{width:1em;height:1em}.elementor-widget-text-editor .elementor-drop-cap{float:left;text-align:center;line-height:1;font-size:50px}.elementor-widget-text-editor .elementor-drop-cap-letter{display:inline-block}<\/style>\t\t\t\t<span style=\"color: #54595F; font-family: Helvetica; font-size: 16px;\">Novembre 1867. \u00c0 bord du City of Cork, le paquebot qui les conduit en Am\u00e9rique, Rosalie raconte son histoire \u00e0 son ami Alphonse. Qui est-elle vraiment ? Quel est ce myst\u00e9rieux secret si bien cach\u00e9 qui, en refaisant soudainement surface, la pousse \u00e0 quitter la France ?<\/span><br style=\"color: #ffffff; font-family: Helvetica; font-size: 16px;\" \/><span style=\"color: #54595F; font-family: Helvetica; font-size: 16px;\">L&rsquo;histoire de Rosalie commence \u00e0 Cherbourg, mais des \u00e9v\u00e8nements tragiques lui font quitter la Normandie pour Paris, o\u00f9 elle devient ouvreuse \u00e0 l&rsquo;Op\u00e9ra. \u00c0 Paris, elle d\u00e9couvre un monde bien diff\u00e9rent de celui qu&rsquo;elle avait connu auparavant. Bient\u00f4t, elle d\u00e9couvre les bals de la capitale et ne r\u00eave plus que d&rsquo;une chose : devenir une c\u00e9l\u00e8bre danseuse. Mais veut-elle vraiment \u00eatre danseuse ? Ou cherche-t-elle \u00e0 fuir et \u00e0 oublier son pass\u00e9 gr\u00e2ce \u00e0 la musique et \u00e0 la danse ?<\/span><br style=\"color: #ffffff; font-family: Helvetica; font-size: 16px;\" \/><span style=\"color: #54595F; font-family: Helvetica; font-size: 16px;\">Les lecteurs retrouveront le personnage de Rosalie Mouchel, d\u00e9couverte dans Sidonie, Laiti\u00e8re \u00e0 Paris. Rosalie fait entrer les lecteurs dans son quotidien d&rsquo;ouvreuse parisienne, et les entra\u00eene dans une formidable \u00e9pop\u00e9e de Cherbourg \u00e0 La Nouvelle-Orl\u00e9ans.<\/span>\t\t\t\t\t\t<\/div>\n\t\t\t\t<\/div>\n\t\t\t\t<\/div>\n\t\t\t\t\t<\/div>\n\t\t\t\t<\/div>\n\t\t<div class=\"elementor-element elementor-element-4f9f9d4 e-flex e-con-boxed e-con e-parent\" data-id=\"4f9f9d4\" data-element_type=\"container\" data-settings=\"{&quot;content_width&quot;:&quot;boxed&quot;}\" data-core-v316-plus=\"true\">\n\t\t\t\t\t<div class=\"e-con-inner\">\n\t\t\t\t<div class=\"elementor-element elementor-element-32b4f7e elementor-widget elementor-widget-spacer\" data-id=\"32b4f7e\" data-element_type=\"widget\" data-widget_type=\"spacer.default\">\n\t\t\t\t<div class=\"elementor-widget-container\">\n\t\t\t\t\t<div class=\"elementor-spacer\">\n\t\t\t<div class=\"elementor-spacer-inner\"><\/div>\n\t\t<\/div>\n\t\t\t\t<\/div>\n\t\t\t\t<\/div>\n\t\t\t\t\t<\/div>\n\t\t\t\t<\/div>\n\t\t<div class=\"elementor-element elementor-element-2dbfbc9 e-flex e-con-boxed e-con e-parent\" data-id=\"2dbfbc9\" data-element_type=\"container\" data-settings=\"{&quot;content_width&quot;:&quot;boxed&quot;}\" data-core-v316-plus=\"true\">\n\t\t\t\t\t<div class=\"e-con-inner\">\n\t\t<div class=\"elementor-element elementor-element-763696d e-con-full e-flex e-con e-child\" data-id=\"763696d\" data-element_type=\"container\" data-settings=\"{&quot;content_width&quot;:&quot;full&quot;}\">\n\t\t\t\t<div class=\"elementor-element elementor-element-30e25f5 elementor-widget elementor-widget-heading\" data-id=\"30e25f5\" data-element_type=\"widget\" data-widget_type=\"heading.default\">\n\t\t\t\t<div class=\"elementor-widget-container\">\n\t\t\t<h2 class=\"elementor-heading-title elementor-size-default\">Pour passer commande<\/h2>\t\t<\/div>\n\t\t\t\t<\/div>\n\t\t\t\t<div class=\"elementor-element elementor-element-b10a40c elementor-align-center elementor-widget elementor-widget-button\" data-id=\"b10a40c\" data-element_type=\"widget\" data-widget_type=\"button.default\">\n\t\t\t\t<div class=\"elementor-widget-container\">\n\t\t\t\t\t<div class=\"elementor-button-wrapper\">\n\t\t\t<a class=\"elementor-button elementor-button-link elementor-size-md\" href=\"https:\/\/tiphaineburtin.fr\/index.php\/contact\/\">\n\t\t\t\t\t\t<span class=\"elementor-button-content-wrapper\">\n\t\t\t\t\t\t<span class=\"elementor-button-icon elementor-align-icon-left\">\n\t\t\t\t<i aria-hidden=\"true\" class=\"far fa-credit-card\"><\/i>\t\t\t<\/span>\n\t\t\t\t\t\t<span class=\"elementor-button-text\">Je contacte l'autrice pour lui commander directement. Comme \u00e7a j'\u00e9vite les interm\u00e9diaires et je la soutiens ! <\/span>\n\t\t<\/span>\n\t\t\t\t\t<\/a>\n\t\t<\/div>\n\t\t\t\t<\/div>\n\t\t\t\t<\/div>\n\t\t\t\t<div class=\"elementor-element elementor-element-4ec0eae elementor-align-center elementor-widget elementor-widget-button\" data-id=\"4ec0eae\" data-element_type=\"widget\" data-widget_type=\"button.default\">\n\t\t\t\t<div class=\"elementor-widget-container\">\n\t\t\t\t\t<div class=\"elementor-button-wrapper\">\n\t\t\t<a class=\"elementor-button elementor-button-link elementor-size-md\" href=\"https:\/\/www.bookelis.com\/histoire\/53859-Rosalie-Ouvreuse-a-l-Opera.html\">\n\t\t\t\t\t\t<span class=\"elementor-button-content-wrapper\">\n\t\t\t\t\t\t<span class=\"elementor-button-icon elementor-align-icon-left\">\n\t\t\t\t<i aria-hidden=\"true\" class=\"far fa-credit-card\"><\/i>\t\t\t<\/span>\n\t\t\t\t\t\t<span class=\"elementor-button-text\">Je commande sur BOOKELIS<\/span>\n\t\t<\/span>\n\t\t\t\t\t<\/a>\n\t\t<\/div>\n\t\t\t\t<\/div>\n\t\t\t\t<\/div>\n\t\t\t\t<\/div>\n\t\t<div class=\"elementor-element elementor-element-35f0f35 e-con-full e-flex e-con e-child\" data-id=\"35f0f35\" data-element_type=\"container\" data-settings=\"{&quot;content_width&quot;:&quot;full&quot;}\">\n\t\t\t\t<div class=\"elementor-element elementor-element-8a8f1db elementor-widget elementor-widget-text-editor\" data-id=\"8a8f1db\" data-element_type=\"widget\" data-widget_type=\"text-editor.default\">\n\t\t\t\t<div class=\"elementor-widget-container\">\n\t\t\t\t\t\t\t<h3 style=\"margin: 0px; padding: 0px; border: 0px; font-family: Helvetica; font-size: 12px; vertical-align: baseline; color: #54595F;\">Informations techniques :<\/h3>\n<div style=\"margin: 0px; padding: 0px; border: 0px; font-family: Helvetica; font-size: 12px; vertical-align: baseline; color: #54595F;\">Nombre de pages :<\/div>\n<div style=\"margin: 0px; padding: 0px; border: 0px; font-family: Helvetica; font-size: 12px; vertical-align: baseline; color: #54595F;\">Couverture :\u00a0<span style=\"margin: 0px; padding: 0px; border: 0px; vertical-align: baseline;\">souple &#8211; carte couch\u00e9e,<\/span><\/div>\n<div style=\"margin: 0px; padding: 0px; border: 0px; font-family: Helvetica; font-size: 12px; vertical-align: baseline; color: #54595F;\">Format :\u00a0<span style=\"margin: 0px; padding: 0px; border: 0px; vertical-align: baseline;\">14.8x21cm,<\/span><\/div>\n<div style=\"margin: 0px; padding: 0px; border: 0px; font-family: Helvetica; font-size: 12px; vertical-align: baseline; color: #54595F;\">Couleur :\u00a0<span style=\"margin: 0px; padding: 0px; border: 0px; vertical-align: baseline;\">noir et blanc,<\/span><\/div>\n<div style=\"margin: 0px; padding: 0px; border: 0px; font-family: Helvetica; font-size: 12px; vertical-align: baseline; color: #54595F;\">Type papier :\u00a0<span style=\"margin: 0px; padding: 0px; border: 0px; vertical-align: baseline;\">offset<\/span><\/div>\n<div style=\"margin: 0px; padding: 0px; border: 0px; font-family: Helvetica; font-size: 12px; vertical-align: baseline; color: #54595F;\">Pelliculage :\u00a0<span style=\"margin: 0px; padding: 0px; border: 0px; vertical-align: baseline;\">brillant<\/span><\/div>\n<div style=\"margin: 0px; padding: 0px; border: 0px; font-family: Helvetica; font-size: 12px; vertical-align: baseline; color: #54595F;\">Date de publication :\u00a0<span style=\"margin: 0px; padding: 0px; border: 0px; vertical-align: baseline;\">15\/11\/2022<\/span><\/div>\n<div style=\"margin: 0px; padding: 0px; border: 0px; font-family: Helvetica; font-size: 12px; vertical-align: baseline; color: #54595F;\"><span style=\"margin: 0px; padding: 0px; border: 0px; vertical-align: baseline;\">ISBN : 979-10-359-8257-7<\/span><\/div>\n<div style=\"margin: 0px; padding: 0px; border: 0px; font-family: Helvetica; font-size: 12px; vertical-align: baseline; color: #54595F;\">Livre de type :\u00a0<span style=\"margin: 0px; padding: 0px; border: 0px; vertical-align: baseline;\">Papier<\/span><\/div>\t\t\t\t\t\t<\/div>\n\t\t\t\t<\/div>\n\t\t\t\t<\/div>\n\t\t\t\t\t<\/div>\n\t\t\t\t<\/div>\n\t\t<div class=\"elementor-element elementor-element-d551526 e-flex e-con-boxed e-con e-parent\" data-id=\"d551526\" data-element_type=\"container\" data-settings=\"{&quot;content_width&quot;:&quot;boxed&quot;}\" data-core-v316-plus=\"true\">\n\t\t\t\t\t<div class=\"e-con-inner\">\n\t\t\t\t<div class=\"elementor-element elementor-element-8498ec5 elementor-widget elementor-widget-spacer\" data-id=\"8498ec5\" data-element_type=\"widget\" data-widget_type=\"spacer.default\">\n\t\t\t\t<div class=\"elementor-widget-container\">\n\t\t\t\t\t<div class=\"elementor-spacer\">\n\t\t\t<div class=\"elementor-spacer-inner\"><\/div>\n\t\t<\/div>\n\t\t\t\t<\/div>\n\t\t\t\t<\/div>\n\t\t\t\t<div class=\"elementor-element elementor-element-629ecdf elementor-arrows-position-inside elementor-pagination-position-outside elementor-widget elementor-widget-image-carousel\" data-id=\"629ecdf\" data-element_type=\"widget\" data-settings=\"{&quot;navigation&quot;:&quot;both&quot;,&quot;autoplay&quot;:&quot;yes&quot;,&quot;pause_on_hover&quot;:&quot;yes&quot;,&quot;pause_on_interaction&quot;:&quot;yes&quot;,&quot;autoplay_speed&quot;:5000,&quot;infinite&quot;:&quot;yes&quot;,&quot;speed&quot;:500}\" data-widget_type=\"image-carousel.default\">\n\t\t\t\t<div class=\"elementor-widget-container\">\n\t\t\t<style>\/*! elementor - v3.16.0 - 17-10-2023 *\/\n.elementor-widget-image-carousel .swiper,.elementor-widget-image-carousel .swiper-container{position:static}.elementor-widget-image-carousel .swiper-container .swiper-slide figure,.elementor-widget-image-carousel .swiper .swiper-slide figure{line-height:inherit}.elementor-widget-image-carousel .swiper-slide{text-align:center}.elementor-image-carousel-wrapper:not(.swiper-container-initialized):not(.swiper-initialized) .swiper-slide{max-width:calc(100% \/ var(--e-image-carousel-slides-to-show, 3))}<\/style>\t\t<div class=\"elementor-image-carousel-wrapper swiper\" dir=\"ltr\">\n\t\t\t<div class=\"elementor-image-carousel swiper-wrapper\" aria-live=\"off\">\n\t\t\t\t\t\t\t\t<div class=\"swiper-slide\" role=\"group\" aria-roledescription=\"slide\" aria-label=\"1 sur 2\"><a data-elementor-open-lightbox=\"yes\" data-elementor-lightbox-slideshow=\"629ecdf\" data-elementor-lightbox-title=\"395067478_869836957611360_6027706848826832727_n\" data-e-action-hash=\"#elementor-action%3Aaction%3Dlightbox%26settings%3DeyJpZCI6OTUsInVybCI6Imh0dHBzOlwvXC90aXBoYWluZWJ1cnRpbi5mclwvd3AtY29udGVudFwvdXBsb2Fkc1wvMjAyM1wvMTBcLzM5NTA2NzQ3OF84Njk4MzY5NTc2MTEzNjBfNjAyNzcwNjg0ODgyNjgzMjcyN19uLmpwZyIsInNsaWRlc2hvdyI6IjYyOWVjZGYifQ%3D%3D\" href=\"https:\/\/tiphaineburtin.fr\/index.php\/mes-romans\/\"><figure class=\"swiper-slide-inner\"><img decoding=\"async\" class=\"swiper-slide-image\" src=\"https:\/\/tiphaineburtin.fr\/wp-content\/uploads\/2023\/10\/395067478_869836957611360_6027706848826832727_n-197x300.jpg\" alt=\"Sidonie, laiti\u00e8re \u00e0 Paris\" \/><\/figure><\/a><\/div><div class=\"swiper-slide\" role=\"group\" aria-roledescription=\"slide\" aria-label=\"2 sur 2\"><a data-elementor-open-lightbox=\"yes\" data-elementor-lightbox-slideshow=\"629ecdf\" data-elementor-lightbox-title=\"71KvKcRB9-L._SY466_\" data-e-action-hash=\"#elementor-action%3Aaction%3Dlightbox%26settings%3DeyJpZCI6NjYsInVybCI6Imh0dHBzOlwvXC90aXBoYWluZWJ1cnRpbi5mclwvd3AtY29udGVudFwvdXBsb2Fkc1wvMjAyM1wvMTBcLzcxS3ZLY1JCOS1MLl9TWTQ2Nl8uanBnIiwic2xpZGVzaG93IjoiNjI5ZWNkZiJ9\" href=\"https:\/\/tiphaineburtin.fr\/index.php\/mes-romans\/\"><figure class=\"swiper-slide-inner\"><img decoding=\"async\" class=\"swiper-slide-image\" src=\"https:\/\/tiphaineburtin.fr\/wp-content\/uploads\/2023\/10\/71KvKcRB9-L._SY466_-211x300.jpg\" alt=\"Ad\u00e8le, ouvri\u00e8re de la couture\" \/><\/figure><\/a><\/div>\t\t\t<\/div>\n\t\t\t\t\t\t\t\t\t\t\t\t<div class=\"elementor-swiper-button elementor-swiper-button-prev\" role=\"button\" tabindex=\"0\">\n\t\t\t\t\t\t<i aria-hidden=\"true\" class=\"eicon-chevron-left\"><\/i>\t\t\t\t\t<\/div>\n\t\t\t\t\t<div class=\"elementor-swiper-button elementor-swiper-button-next\" role=\"button\" tabindex=\"0\">\n\t\t\t\t\t\t<i aria-hidden=\"true\" class=\"eicon-chevron-right\"><\/i>\t\t\t\t\t<\/div>\n\t\t\t\t\n\t\t\t\t\t\t\t\t\t<div class=\"swiper-pagination\"><\/div>\n\t\t\t\t\t\t\t\t\t<\/div>\n\t\t\t\t<\/div>\n\t\t\t\t<\/div>\n\t\t\t\t\t<\/div>\n\t\t\t\t<\/div>\n\t\t<div class=\"elementor-element elementor-element-3b9b12b e-flex e-con-boxed e-con e-parent\" data-id=\"3b9b12b\" data-element_type=\"container\" data-settings=\"{&quot;content_width&quot;:&quot;boxed&quot;}\" data-core-v316-plus=\"true\">\n\t\t\t\t\t<div class=\"e-con-inner\">\n\t\t<div class=\"elementor-element elementor-element-630d340 e-con-full e-flex e-con e-child\" data-id=\"630d340\" data-element_type=\"container\" data-settings=\"{&quot;content_width&quot;:&quot;full&quot;}\">\n\t\t\t\t<\/div>\n\t\t<div class=\"elementor-element elementor-element-4dbaa42 e-con-full e-flex e-con e-child\" data-id=\"4dbaa42\" data-element_type=\"container\" data-settings=\"{&quot;content_width&quot;:&quot;full&quot;}\">\n\t\t\t\t<\/div>\n\t\t\t\t\t<\/div>\n\t\t\t\t<\/div>\n\t\t\t\t\t\t\t<\/div>\n\t\t","protected":false},"excerpt":{"rendered":"<p>Rosalie, Ouvreuse \u00e0 l&rsquo;op\u00e9ra Novembre 1867. \u00c0 bord du City of Cork, le paquebot qui les conduit en Am\u00e9rique, Rosalie raconte son histoire \u00e0 son ami Alphonse. Qui est-elle vraiment ? Quel est ce myst\u00e9rieux secret si bien cach\u00e9 qui, en refaisant soudainement surface, la pousse \u00e0 quitter la France ?L&rsquo;histoire de Rosalie commence \u00e0 &hellip;<\/p>\n<p class=\"read-more\"> <a class=\"\" href=\"https:\/\/tiphaineburtin.fr\/index.php\/accueil\/rosalie-ouvreuse-a-lopera\/\"> <span class=\"screen-reader-text\">Rosalie, ouvreuse \u00e0 l&rsquo;op\u00e9ra<\/span> Lire la suite\u00a0\u00bb<\/a><\/p>\n","protected":false},"author":1,"featured_media":0,"parent":11,"menu_order":0,"comment_status":"closed","ping_status":"closed","template":"","meta":{"site-sidebar-layout":"no-sidebar","site-content-layout":"","ast-site-content-layout":"full-width-container","site-content-style":"default","site-sidebar-style":"default","ast-global-header-display":"","ast-banner-title-visibility":"","ast-main-header-display":"","ast-hfb-above-header-display":"","ast-hfb-below-header-display":"","ast-hfb-mobile-header-display":"","site-post-title":"disabled","ast-breadcrumbs-content":"","ast-featured-img":"disabled","footer-sml-layout":"","theme-transparent-header-meta":"","adv-header-id-meta":"","stick-header-meta":"","header-above-stick-meta":"","header-main-stick-meta":"","header-below-stick-meta":"","astra-migrate-meta-layouts":"","footnotes":""},"class_list":["post-50","page","type-page","status-publish","hentry"],"_links":{"self":[{"href":"https:\/\/tiphaineburtin.fr\/index.php\/wp-json\/wp\/v2\/pages\/50","targetHints":{"allow":["GET"]}}],"collection":[{"href":"https:\/\/tiphaineburtin.fr\/index.php\/wp-json\/wp\/v2\/pages"}],"about":[{"href":"https:\/\/tiphaineburtin.fr\/index.php\/wp-json\/wp\/v2\/types\/page"}],"author":[{"embeddable":true,"href":"https:\/\/tiphaineburtin.fr\/index.php\/wp-json\/wp\/v2\/users\/1"}],"replies":[{"embeddable":true,"href":"https:\/\/tiphaineburtin.fr\/index.php\/wp-json\/wp\/v2\/comments?post=50"}],"version-history":[{"count":79,"href":"https:\/\/tiphaineburtin.fr\/index.php\/wp-json\/wp\/v2\/pages\/50\/revisions"}],"predecessor-version":[{"id":432,"href":"https:\/\/tiphaineburtin.fr\/index.php\/wp-json\/wp\/v2\/pages\/50\/revisions\/432"}],"up":[{"embeddable":true,"href":"https:\/\/tiphaineburtin.fr\/index.php\/wp-json\/wp\/v2\/pages\/11"}],"wp:attachment":[{"href":"https:\/\/tiphaineburtin.fr\/index.php\/wp-json\/wp\/v2\/media?parent=50"}],"curies":[{"name":"wp","href":"https:\/\/api.w.org\/{rel}","templated":true}]}}