{"id":52,"date":"2023-10-22T15:06:04","date_gmt":"2023-10-22T13:06:04","guid":{"rendered":"https:\/\/tiphaineburtin.fr\/?page_id=52"},"modified":"2023-11-19T15:07:25","modified_gmt":"2023-11-19T14:07:25","slug":"adele-ouvriere-de-la-couture","status":"publish","type":"page","link":"https:\/\/tiphaineburtin.fr\/index.php\/accueil\/adele-ouvriere-de-la-couture\/","title":{"rendered":"Ad\u00e8le, ouvri\u00e8re de la couture"},"content":{"rendered":"\t\t<div data-elementor-type=\"wp-page\" data-elementor-id=\"52\" class=\"elementor elementor-52\">\n\t\t\t\t\t\t\t<div class=\"elementor-element elementor-element-71244e5 e-flex e-con-boxed e-con e-parent\" data-id=\"71244e5\" data-element_type=\"container\" data-settings=\"{&quot;content_width&quot;:&quot;boxed&quot;}\" data-core-v316-plus=\"true\">\n\t\t\t\t\t<div class=\"e-con-inner\">\n\t\t\t\t<div class=\"elementor-element elementor-element-e775530 elementor-widget elementor-widget-heading\" data-id=\"e775530\" data-element_type=\"widget\" data-widget_type=\"heading.default\">\n\t\t\t\t<div class=\"elementor-widget-container\">\n\t\t\t<style>\/*! elementor - v3.16.0 - 17-10-2023 *\/\n.elementor-heading-title{padding:0;margin:0;line-height:1}.elementor-widget-heading .elementor-heading-title[class*=elementor-size-]>a{color:inherit;font-size:inherit;line-height:inherit}.elementor-widget-heading .elementor-heading-title.elementor-size-small{font-size:15px}.elementor-widget-heading .elementor-heading-title.elementor-size-medium{font-size:19px}.elementor-widget-heading .elementor-heading-title.elementor-size-large{font-size:29px}.elementor-widget-heading .elementor-heading-title.elementor-size-xl{font-size:39px}.elementor-widget-heading .elementor-heading-title.elementor-size-xxl{font-size:59px}<\/style><h2 class=\"elementor-heading-title elementor-size-default\">Ad\u00e8le, ouvri\u00e8re de la couture<\/h2>\t\t<\/div>\n\t\t\t\t<\/div>\n\t\t\t\t<div class=\"elementor-element elementor-element-5a121e2 elementor-widget elementor-widget-spacer\" data-id=\"5a121e2\" data-element_type=\"widget\" data-widget_type=\"spacer.default\">\n\t\t\t\t<div class=\"elementor-widget-container\">\n\t\t\t<style>\/*! elementor - v3.16.0 - 17-10-2023 *\/\n.elementor-column .elementor-spacer-inner{height:var(--spacer-size)}.e-con{--container-widget-width:100%}.e-con-inner>.elementor-widget-spacer,.e-con>.elementor-widget-spacer{width:var(--container-widget-width,var(--spacer-size));--align-self:var(--container-widget-align-self,initial);--flex-shrink:0}.e-con-inner>.elementor-widget-spacer>.elementor-widget-container,.e-con>.elementor-widget-spacer>.elementor-widget-container{height:100%;width:100%}.e-con-inner>.elementor-widget-spacer>.elementor-widget-container>.elementor-spacer,.e-con>.elementor-widget-spacer>.elementor-widget-container>.elementor-spacer{height:100%}.e-con-inner>.elementor-widget-spacer>.elementor-widget-container>.elementor-spacer>.elementor-spacer-inner,.e-con>.elementor-widget-spacer>.elementor-widget-container>.elementor-spacer>.elementor-spacer-inner{height:var(--container-widget-height,var(--spacer-size))}.e-con-inner>.elementor-widget-spacer.elementor-widget-empty,.e-con>.elementor-widget-spacer.elementor-widget-empty{position:relative;min-height:22px;min-width:22px}.e-con-inner>.elementor-widget-spacer.elementor-widget-empty .elementor-widget-empty-icon,.e-con>.elementor-widget-spacer.elementor-widget-empty .elementor-widget-empty-icon{position:absolute;top:0;bottom:0;left:0;right:0;margin:auto;padding:0;width:22px;height:22px}<\/style>\t\t<div class=\"elementor-spacer\">\n\t\t\t<div class=\"elementor-spacer-inner\"><\/div>\n\t\t<\/div>\n\t\t\t\t<\/div>\n\t\t\t\t<\/div>\n\t\t\t\t\t<\/div>\n\t\t\t\t<\/div>\n\t\t<div class=\"elementor-element elementor-element-51d5f19 e-flex e-con-boxed e-con e-parent\" data-id=\"51d5f19\" data-element_type=\"container\" data-settings=\"{&quot;background_background&quot;:&quot;classic&quot;,&quot;content_width&quot;:&quot;boxed&quot;}\" data-core-v316-plus=\"true\">\n\t\t\t\t\t<div class=\"e-con-inner\">\n\t\t<div class=\"elementor-element elementor-element-3295c83 e-con-full e-flex e-con e-child\" data-id=\"3295c83\" data-element_type=\"container\" data-settings=\"{&quot;content_width&quot;:&quot;full&quot;}\">\n\t\t\t\t<div class=\"elementor-element elementor-element-7084672 elementor-widget elementor-widget-image\" data-id=\"7084672\" data-element_type=\"widget\" data-widget_type=\"image.default\">\n\t\t\t\t<div class=\"elementor-widget-container\">\n\t\t\t<style>\/*! elementor - v3.16.0 - 17-10-2023 *\/\n.elementor-widget-image{text-align:center}.elementor-widget-image a{display:inline-block}.elementor-widget-image a img[src$=\".svg\"]{width:48px}.elementor-widget-image img{vertical-align:middle;display:inline-block}<\/style>\t\t\t\t\t\t\t\t\t\t\t\t<img loading=\"lazy\" decoding=\"async\" width=\"327\" height=\"466\" src=\"https:\/\/tiphaineburtin.fr\/wp-content\/uploads\/2023\/10\/71KvKcRB9-L._SY466_.jpg\" class=\"elementor-animation-grow attachment-large size-large wp-image-66\" alt=\"Ad\u00e8le, ouvri\u00e8re de la couture\" srcset=\"https:\/\/tiphaineburtin.fr\/wp-content\/uploads\/2023\/10\/71KvKcRB9-L._SY466_.jpg 327w, https:\/\/tiphaineburtin.fr\/wp-content\/uploads\/2023\/10\/71KvKcRB9-L._SY466_-211x300.jpg 211w\" sizes=\"auto, (max-width: 327px) 100vw, 327px\" \/>\t\t\t\t\t\t\t\t\t\t\t\t\t\t\t<\/div>\n\t\t\t\t<\/div>\n\t\t\t\t<\/div>\n\t\t\t\t<div class=\"elementor-element elementor-element-da5065a elementor-widget elementor-widget-text-editor\" data-id=\"da5065a\" data-element_type=\"widget\" data-widget_type=\"text-editor.default\">\n\t\t\t\t<div class=\"elementor-widget-container\">\n\t\t\t<style>\/*! elementor - v3.16.0 - 17-10-2023 *\/\n.elementor-widget-text-editor.elementor-drop-cap-view-stacked .elementor-drop-cap{background-color:#69727d;color:#fff}.elementor-widget-text-editor.elementor-drop-cap-view-framed .elementor-drop-cap{color:#69727d;border:3px solid;background-color:transparent}.elementor-widget-text-editor:not(.elementor-drop-cap-view-default) .elementor-drop-cap{margin-top:8px}.elementor-widget-text-editor:not(.elementor-drop-cap-view-default) .elementor-drop-cap-letter{width:1em;height:1em}.elementor-widget-text-editor .elementor-drop-cap{float:left;text-align:center;line-height:1;font-size:50px}.elementor-widget-text-editor .elementor-drop-cap-letter{display:inline-block}<\/style>\t\t\t\t<p>Paris, 1855. \u00c0 neuf ans, Ernestine est exploit\u00e9e par sa m\u00e8re, qui l&rsquo;oblige \u00e0 coudre les robes des pensionnaires de sa maison pendant dix heures par jour. Affam\u00e9e, battue et livr\u00e9e \u00e0 elle-m\u00eame, Ernestine ne s&rsquo;en plaint pas et m\u00e8ne une enfance heureuse, entour\u00e9e de ses s\u0153urs Esther et \u00c9lise et r\u00eave d&rsquo;ouvrir un jour son propre atelier de couture.<br \/>Paris, 1867. Ad\u00e8le Germain est ouvri\u00e8re de la couture chez Worth. Jeune fille sans histoire, elle aime les bals, qu&rsquo;elle fr\u00e9quente r\u00e9guli\u00e8rement avec son amie Rosalie. Mais Rosalie ne sait rien du pass\u00e9 de son amie : Ad\u00e8le cache ses origines et semble fuir quelque chose&#8230; ou quelqu&rsquo;un. Mais pourquoi ?<br \/>Llandudno, 1880. Au Pays de Galles, o\u00f9 elle tient un h\u00f4tel avec son mari, Ad\u00e8le Roberts est pensive. Elle a lu dans la presse le nom d&rsquo;un homme qui a r\u00e9veill\u00e9 de douloureux souvenirs. Mais que cherche-t-elle \u00e0 oublier ? Qui sont tous ces fant\u00f4mes qui l&rsquo;entourent ? Et, surtout, quel lien myst\u00e9rieux unit Ernestine, Ad\u00e8le Germain et Ad\u00e8le Roberts ?<\/p>\t\t\t\t\t\t<\/div>\n\t\t\t\t<\/div>\n\t\t\t\t\t<\/div>\n\t\t\t\t<\/div>\n\t\t<div class=\"elementor-element elementor-element-7721031 e-flex e-con-boxed e-con e-parent\" data-id=\"7721031\" data-element_type=\"container\" data-settings=\"{&quot;content_width&quot;:&quot;boxed&quot;}\" data-core-v316-plus=\"true\">\n\t\t\t\t\t<div class=\"e-con-inner\">\n\t\t<div class=\"elementor-element elementor-element-24c060b e-con-full e-flex e-con e-child\" data-id=\"24c060b\" data-element_type=\"container\" data-settings=\"{&quot;content_width&quot;:&quot;full&quot;}\">\n\t\t\t\t<div class=\"elementor-element elementor-element-1778b5e elementor-widget elementor-widget-heading\" data-id=\"1778b5e\" data-element_type=\"widget\" data-widget_type=\"heading.default\">\n\t\t\t\t<div class=\"elementor-widget-container\">\n\t\t\t<h2 class=\"elementor-heading-title elementor-size-default\">Pour passer commande <\/h2>\t\t<\/div>\n\t\t\t\t<\/div>\n\t\t\t\t<div class=\"elementor-element elementor-element-049ece1 elementor-button-info elementor-align-center elementor-widget elementor-widget-button\" data-id=\"049ece1\" data-element_type=\"widget\" data-widget_type=\"button.default\">\n\t\t\t\t<div class=\"elementor-widget-container\">\n\t\t\t\t\t<div class=\"elementor-button-wrapper\">\n\t\t\t<a class=\"elementor-button elementor-button-link elementor-size-md elementor-animation-grow\" href=\"https:\/\/tiphaineburtin.fr\/index.php\/contact\/\">\n\t\t\t\t\t\t<span class=\"elementor-button-content-wrapper\">\n\t\t\t\t\t\t<span class=\"elementor-button-icon elementor-align-icon-left\">\n\t\t\t\t<i aria-hidden=\"true\" class=\"far fa-credit-card\"><\/i>\t\t\t<\/span>\n\t\t\t\t\t\t<span class=\"elementor-button-text\">Le contacte l'autrice pour lui commander directement. Comme \u00e7a j'\u00e9vite les interm\u00e9diaires et je la soutiens !<\/span>\n\t\t<\/span>\n\t\t\t\t\t<\/a>\n\t\t<\/div>\n\t\t\t\t<\/div>\n\t\t\t\t<\/div>\n\t\t\t\t<div class=\"elementor-element elementor-element-de31f2d elementor-button-info elementor-align-center elementor-widget elementor-widget-button\" data-id=\"de31f2d\" data-element_type=\"widget\" data-widget_type=\"button.default\">\n\t\t\t\t<div class=\"elementor-widget-container\">\n\t\t\t\t\t<div class=\"elementor-button-wrapper\">\n\t\t\t<a class=\"elementor-button elementor-button-link elementor-size-md\" href=\"https:\/\/www.amazon.fr\/Ad%C3%A8le-Tiphaine-Burtin\/dp\/B0CD3T1RJ9\/ref=sr_1_1?keywords=adele+ouvrier+de+la+couture&#038;qid=1697987514&#038;sr=8-1\">\n\t\t\t\t\t\t<span class=\"elementor-button-content-wrapper\">\n\t\t\t\t\t\t<span class=\"elementor-button-icon elementor-align-icon-left\">\n\t\t\t\t<i aria-hidden=\"true\" class=\"fab fa-amazon\"><\/i>\t\t\t<\/span>\n\t\t\t\t\t\t<span class=\"elementor-button-text\">J'ach\u00e8te sur amazon<\/span>\n\t\t<\/span>\n\t\t\t\t\t<\/a>\n\t\t<\/div>\n\t\t\t\t<\/div>\n\t\t\t\t<\/div>\n\t\t\t\t<div class=\"elementor-element elementor-element-f39858f elementor-button-info elementor-align-center elementor-widget elementor-widget-button\" data-id=\"f39858f\" data-element_type=\"widget\" data-widget_type=\"button.default\">\n\t\t\t\t<div class=\"elementor-widget-container\">\n\t\t\t\t\t<div class=\"elementor-button-wrapper\">\n\t\t\t<a class=\"elementor-button elementor-button-link elementor-size-md\" href=\"https:\/\/www.bookelis.com\/58274-Adele.html\">\n\t\t\t\t\t\t<span class=\"elementor-button-content-wrapper\">\n\t\t\t\t\t\t<span class=\"elementor-button-icon elementor-align-icon-left\">\n\t\t\t\t<i aria-hidden=\"true\" class=\"far fa-credit-card\"><\/i>\t\t\t<\/span>\n\t\t\t\t\t\t<span class=\"elementor-button-text\">J'ach\u00e8te sur bookelis<\/span>\n\t\t<\/span>\n\t\t\t\t\t<\/a>\n\t\t<\/div>\n\t\t\t\t<\/div>\n\t\t\t\t<\/div>\n\t\t\t\t<\/div>\n\t\t<div class=\"elementor-element elementor-element-0bef9d6 e-con-full e-flex e-con e-child\" data-id=\"0bef9d6\" data-element_type=\"container\" data-settings=\"{&quot;content_width&quot;:&quot;full&quot;}\">\n\t\t\t\t<div class=\"elementor-element elementor-element-69e1cb3 elementor-widget elementor-widget-text-editor\" data-id=\"69e1cb3\" data-element_type=\"widget\" data-widget_type=\"text-editor.default\">\n\t\t\t\t<div class=\"elementor-widget-container\">\n\t\t\t\t\t\t\t<p><b>Informations techniques :&nbsp;<\/b><\/p>\n<p>Nombre de pages : 248<\/p>\n<p>Hauteur : 14,8 cm &#8211; Largeur : 21 cm<\/p>\n<p>Livre broch\u00e9<\/p>\n<p>Date de parution : 23\/09\/2023<\/p>\n<p>ISBN: 9791035956950<\/p>\t\t\t\t\t\t<\/div>\n\t\t\t\t<\/div>\n\t\t\t\t<\/div>\n\t\t\t\t\t<\/div>\n\t\t\t\t<\/div>\n\t\t<div class=\"elementor-element elementor-element-e130089 e-flex e-con-boxed e-con e-parent\" data-id=\"e130089\" data-element_type=\"container\" data-settings=\"{&quot;content_width&quot;:&quot;boxed&quot;}\" data-core-v316-plus=\"true\">\n\t\t\t\t\t<div class=\"e-con-inner\">\n\t\t\t\t<div class=\"elementor-element elementor-element-169b362 elementor-arrows-position-inside elementor-pagination-position-outside elementor-widget elementor-widget-image-carousel\" data-id=\"169b362\" data-element_type=\"widget\" data-settings=\"{&quot;navigation&quot;:&quot;both&quot;,&quot;autoplay&quot;:&quot;yes&quot;,&quot;pause_on_hover&quot;:&quot;yes&quot;,&quot;pause_on_interaction&quot;:&quot;yes&quot;,&quot;autoplay_speed&quot;:5000,&quot;infinite&quot;:&quot;yes&quot;,&quot;speed&quot;:500}\" data-widget_type=\"image-carousel.default\">\n\t\t\t\t<div class=\"elementor-widget-container\">\n\t\t\t<style>\/*! elementor - v3.16.0 - 17-10-2023 *\/\n.elementor-widget-image-carousel .swiper,.elementor-widget-image-carousel .swiper-container{position:static}.elementor-widget-image-carousel .swiper-container .swiper-slide figure,.elementor-widget-image-carousel .swiper .swiper-slide figure{line-height:inherit}.elementor-widget-image-carousel .swiper-slide{text-align:center}.elementor-image-carousel-wrapper:not(.swiper-container-initialized):not(.swiper-initialized) .swiper-slide{max-width:calc(100% \/ var(--e-image-carousel-slides-to-show, 3))}<\/style>\t\t<div class=\"elementor-image-carousel-wrapper swiper\" dir=\"ltr\">\n\t\t\t<div class=\"elementor-image-carousel swiper-wrapper\" aria-live=\"off\">\n\t\t\t\t\t\t\t\t<div class=\"swiper-slide\" role=\"group\" aria-roledescription=\"slide\" aria-label=\"1 sur 2\"><a data-elementor-open-lightbox=\"yes\" data-elementor-lightbox-slideshow=\"169b362\" data-elementor-lightbox-title=\"394555891_1043769286820150_6522009530660075496_n\" data-e-action-hash=\"#elementor-action%3Aaction%3Dlightbox%26settings%3DeyJpZCI6OTQsInVybCI6Imh0dHBzOlwvXC90aXBoYWluZWJ1cnRpbi5mclwvd3AtY29udGVudFwvdXBsb2Fkc1wvMjAyM1wvMTBcLzM5NDU1NTg5MV8xMDQzNzY5Mjg2ODIwMTUwXzY1MjIwMDk1MzA2NjAwNzU0OTZfbi5qcGciLCJzbGlkZXNob3ciOiIxNjliMzYyIn0%3D\" href=\"https:\/\/tiphaineburtin.fr\/index.php\/mes-romans\/\"><figure class=\"swiper-slide-inner\"><img decoding=\"async\" class=\"swiper-slide-image\" src=\"https:\/\/tiphaineburtin.fr\/wp-content\/uploads\/2023\/10\/394555891_1043769286820150_6522009530660075496_n-220x300.jpg\" alt=\"Rosalie, ouvreuse \u00e0 l&#039;op\u00e9ra\" \/><figcaption class=\"elementor-image-carousel-caption\">Rosalie<\/figcaption><\/figure><\/a><\/div><div class=\"swiper-slide\" role=\"group\" aria-roledescription=\"slide\" aria-label=\"2 sur 2\"><a data-elementor-open-lightbox=\"yes\" data-elementor-lightbox-slideshow=\"169b362\" data-elementor-lightbox-title=\"395067478_869836957611360_6027706848826832727_n\" data-e-action-hash=\"#elementor-action%3Aaction%3Dlightbox%26settings%3DeyJpZCI6OTUsInVybCI6Imh0dHBzOlwvXC90aXBoYWluZWJ1cnRpbi5mclwvd3AtY29udGVudFwvdXBsb2Fkc1wvMjAyM1wvMTBcLzM5NTA2NzQ3OF84Njk4MzY5NTc2MTEzNjBfNjAyNzcwNjg0ODgyNjgzMjcyN19uLmpwZyIsInNsaWRlc2hvdyI6IjE2OWIzNjIifQ%3D%3D\" href=\"https:\/\/tiphaineburtin.fr\/index.php\/mes-romans\/\"><figure class=\"swiper-slide-inner\"><img decoding=\"async\" class=\"swiper-slide-image\" src=\"https:\/\/tiphaineburtin.fr\/wp-content\/uploads\/2023\/10\/395067478_869836957611360_6027706848826832727_n-197x300.jpg\" alt=\"Sidonie, laiti\u00e8re \u00e0 Paris\" \/><figcaption class=\"elementor-image-carousel-caption\">Sidonie<\/figcaption><\/figure><\/a><\/div>\t\t\t<\/div>\n\t\t\t\t\t\t\t\t\t\t\t\t<div class=\"elementor-swiper-button elementor-swiper-button-prev\" role=\"button\" tabindex=\"0\">\n\t\t\t\t\t\t<i aria-hidden=\"true\" class=\"eicon-chevron-left\"><\/i>\t\t\t\t\t<\/div>\n\t\t\t\t\t<div class=\"elementor-swiper-button elementor-swiper-button-next\" role=\"button\" tabindex=\"0\">\n\t\t\t\t\t\t<i aria-hidden=\"true\" class=\"eicon-chevron-right\"><\/i>\t\t\t\t\t<\/div>\n\t\t\t\t\n\t\t\t\t\t\t\t\t\t<div class=\"swiper-pagination\"><\/div>\n\t\t\t\t\t\t\t\t\t<\/div>\n\t\t\t\t<\/div>\n\t\t\t\t<\/div>\n\t\t\t\t\t<\/div>\n\t\t\t\t<\/div>\n\t\t\t\t\t\t\t<\/div>\n\t\t","protected":false},"excerpt":{"rendered":"<p>Ad\u00e8le, ouvri\u00e8re de la couture Paris, 1855. \u00c0 neuf ans, Ernestine est exploit\u00e9e par sa m\u00e8re, qui l&rsquo;oblige \u00e0 coudre les robes des pensionnaires de sa maison pendant dix heures par jour. Affam\u00e9e, battue et livr\u00e9e \u00e0 elle-m\u00eame, Ernestine ne s&rsquo;en plaint pas et m\u00e8ne une enfance heureuse, entour\u00e9e de ses s\u0153urs Esther et \u00c9lise &hellip;<\/p>\n<p class=\"read-more\"> <a class=\"\" href=\"https:\/\/tiphaineburtin.fr\/index.php\/accueil\/adele-ouvriere-de-la-couture\/\"> <span class=\"screen-reader-text\">Ad\u00e8le, ouvri\u00e8re de la couture<\/span> Lire la suite\u00a0\u00bb<\/a><\/p>\n","protected":false},"author":1,"featured_media":0,"parent":11,"menu_order":0,"comment_status":"closed","ping_status":"closed","template":"","meta":{"site-sidebar-layout":"no-sidebar","site-content-layout":"","ast-site-content-layout":"full-width-container","site-content-style":"default","site-sidebar-style":"default","ast-global-header-display":"","ast-banner-title-visibility":"","ast-main-header-display":"","ast-hfb-above-header-display":"","ast-hfb-below-header-display":"","ast-hfb-mobile-header-display":"","site-post-title":"disabled","ast-breadcrumbs-content":"","ast-featured-img":"disabled","footer-sml-layout":"","theme-transparent-header-meta":"","adv-header-id-meta":"","stick-header-meta":"","header-above-stick-meta":"","header-main-stick-meta":"","header-below-stick-meta":"","astra-migrate-meta-layouts":"","footnotes":""},"class_list":["post-52","page","type-page","status-publish","hentry"],"_links":{"self":[{"href":"https:\/\/tiphaineburtin.fr\/index.php\/wp-json\/wp\/v2\/pages\/52","targetHints":{"allow":["GET"]}}],"collection":[{"href":"https:\/\/tiphaineburtin.fr\/index.php\/wp-json\/wp\/v2\/pages"}],"about":[{"href":"https:\/\/tiphaineburtin.fr\/index.php\/wp-json\/wp\/v2\/types\/page"}],"author":[{"embeddable":true,"href":"https:\/\/tiphaineburtin.fr\/index.php\/wp-json\/wp\/v2\/users\/1"}],"replies":[{"embeddable":true,"href":"https:\/\/tiphaineburtin.fr\/index.php\/wp-json\/wp\/v2\/comments?post=52"}],"version-history":[{"count":55,"href":"https:\/\/tiphaineburtin.fr\/index.php\/wp-json\/wp\/v2\/pages\/52\/revisions"}],"predecessor-version":[{"id":439,"href":"https:\/\/tiphaineburtin.fr\/index.php\/wp-json\/wp\/v2\/pages\/52\/revisions\/439"}],"up":[{"embeddable":true,"href":"https:\/\/tiphaineburtin.fr\/index.php\/wp-json\/wp\/v2\/pages\/11"}],"wp:attachment":[{"href":"https:\/\/tiphaineburtin.fr\/index.php\/wp-json\/wp\/v2\/media?parent=52"}],"curies":[{"name":"wp","href":"https:\/\/api.w.org\/{rel}","templated":true}]}}